{"id":8,"date":"2023-08-09T18:32:29","date_gmt":"2023-08-09T18:32:29","guid":{"rendered":"https:\/\/honigglock.de\/de\/?page_id=8"},"modified":"2025-03-18T08:57:25","modified_gmt":"2025-03-18T08:57:25","slug":"about","status":"publish","type":"page","link":"https:\/\/honigglock.de\/de\/about\/","title":{"rendered":"Unsere Sorten"},"content":{"rendered":"\n<h2 class=\"wp-block-heading has-large-font-size\" id=\"inspiro-is-a-digital-product-agency-that-focuses-on-strategy-and-design\" style=\"font-style:normal;font-weight:100\">Honig-Vielfalt aus der Natur<\/h2>\n\n\n\n<p>Prinzipiell kann man zwischen Bl\u00fcten- und Waldhonig unterscheiden.<\/p>\n\n\n\n<p>Bl\u00fctenhonige bestehen \u00fcberwiegend aus Traubenzucker (Glucose), wogegen Waldhonige haupts\u00e4chlich Fruchtzucker (Fructose) enthalten. Deshalb kristallisieren die meisten Bl\u00fctenhonige wenige Wochen nach der Schleuderung, weshalb wir sie \u00fcberwiegend cremig, streichf\u00e4hig abf\u00fcllen, wogegen Waldhonige l\u00e4nger fl\u00fcssig bleiben. <\/p>\n\n\n\n<p>Allerdings kristalli\u00adsieren&nbsp;alle nat\u00fcrlich belassenen Honige&nbsp;nach einiger Zeit!<\/p>\n\n\n\n<p> Honig kann wieder verfl\u00fcs\u00adsigt werden, indem man ihn f\u00fcr kurze Zeit im Wasserbad nicht \u00fcber 40\u00b0C erw\u00e4rmt. Dabei nimmt der Honig keinen Schaden.<\/p>\n\n\n\n<div style=\"height:8px\" aria-hidden=\"true\" class=\"wp-block-spacer\"><\/div>\n\n\n\n<div class=\"wp-block-cover alignfull\" style=\"padding-top:50px;padding-right:50px;padding-bottom:50px;padding-left:50px;min-height:50px;aspect-ratio:unset;\"><span aria-hidden=\"true\" class=\"wp-block-cover__background has-black-background-color has-background-dim-100 has-background-dim\"><\/span><div class=\"wp-block-cover__inner-container is-layout-flow wp-block-cover-is-layout-flow\">\n<div style=\"height:28px\" aria-hidden=\"true\" class=\"wp-block-spacer\"><\/div>\n\n\n\n<div class=\"wp-block-columns is-layout-flex wp-container-core-columns-is-layout-28f84493 wp-block-columns-is-layout-flex\">\n<div class=\"wp-block-column is-layout-flow wp-block-column-is-layout-flow\" style=\"padding-top:20px;padding-right:0px;padding-bottom:20px;padding-left:0px\">\n<div class=\"wp-block-group is-content-justification-space-between is-nowrap is-layout-flex wp-container-core-group-is-layout-bb3dfb5c wp-block-group-is-layout-flex\">\n<figure class=\"wp-block-image size-full\"><img decoding=\"async\" src=\"https:\/\/honigglock.de\/de\/wp-content\/themes\/inspiro\/assets\/images\/laurel_left.png\" alt=\"\"\/><\/figure>\n\n\n\n<div class=\"wp-block-group is-layout-flow wp-block-group-is-layout-flow\">\n<p class=\"has-text-align-center has-white-color has-text-color\" style=\"font-size: 16px; line-height: 1;\"><strong><a href=\"#Raps-jump\">Raps<\/a><br \/><\/strong>Der Kinderliebling<\/p>\n<\/div>\n\n\n\n<figure class=\"wp-block-image size-full\"><img decoding=\"async\" src=\"https:\/\/honigglock.de\/de\/wp-content\/themes\/inspiro\/assets\/images\/laurel_right.png\" alt=\"\"\/><\/figure>\n<\/div>\n<\/div>\n\n\n\n<div class=\"wp-block-column is-vertically-aligned-center is-layout-flow wp-block-column-is-layout-flow\" style=\"padding-top:20px;padding-right:0px;padding-bottom:20px;padding-left:0px\">\n<div class=\"wp-block-group is-content-justification-space-between is-nowrap is-layout-flex wp-container-core-group-is-layout-bb3dfb5c wp-block-group-is-layout-flex\">\n<figure class=\"wp-block-image size-full\"><img decoding=\"async\" src=\"https:\/\/honigglock.de\/de\/wp-content\/themes\/inspiro\/assets\/images\/laurel_left.png\" alt=\"\"\/><\/figure>\n\n\n\n<div class=\"wp-block-group is-layout-flow wp-block-group-is-layout-flow\">\n<p class=\"has-text-align-center has-white-color has-text-color\" style=\"font-size: 16px; line-height: 1;\"><a href=\"#Wei\u00dftanne-500\"><strong>Wei\u00dftanne<\/strong><\/a><br \/>Der Allrounder<\/p>\n<\/div>\n\n\n\n<figure class=\"wp-block-image size-full\"><img decoding=\"async\" src=\"https:\/\/honigglock.de\/de\/wp-content\/themes\/inspiro\/assets\/images\/laurel_right.png\" alt=\"\"\/><\/figure>\n<\/div>\n<\/div>\n\n\n\n<div class=\"wp-block-column is-vertically-aligned-center is-layout-flow wp-block-column-is-layout-flow\" style=\"padding-top:20px;padding-right:0px;padding-bottom:20px;padding-left:0px\">\n<div class=\"wp-block-group is-content-justification-space-between is-nowrap is-layout-flex wp-container-core-group-is-layout-bb3dfb5c wp-block-group-is-layout-flex\">\n<figure class=\"wp-block-image size-full\"><img decoding=\"async\" src=\"https:\/\/honigglock.de\/de\/wp-content\/themes\/inspiro\/assets\/images\/laurel_left.png\" alt=\"\"\/><\/figure>\n\n\n\n<div class=\"wp-block-group is-layout-flow wp-block-group-is-layout-flow\">\n<p class=\"has-text-align-center has-white-color has-text-color\" style=\"font-size: 16px; line-height: 1;\"><a href=\"#Kastanie-jump\"><strong>Kastanie<\/strong><\/a><br \/>Der Ausgefallene<\/p>\n<\/div>\n\n\n\n<figure class=\"wp-block-image size-full\"><img decoding=\"async\" src=\"https:\/\/honigglock.de\/de\/wp-content\/themes\/inspiro\/assets\/images\/laurel_right.png\" alt=\"\"\/><\/figure>\n<\/div>\n<\/div>\n<\/div>\n<\/div><\/div>\n\n\n\n<div style=\"height:33px\" aria-hidden=\"true\" class=\"wp-block-spacer\"><\/div>\n\n\n\n<div class=\"wp-block-columns alignwide is-layout-flex wp-container-core-columns-is-layout-28f84493 wp-block-columns-is-layout-flex\">\n<div class=\"wp-block-column is-layout-flow wp-block-column-is-layout-flow\">\n<figure class=\"wp-block-gallery has-nested-images columns-default is-cropped wp-block-gallery-1 is-layout-flex wp-block-gallery-is-layout-flex\">\n<figure class=\"wp-block-image size-full\"><img loading=\"lazy\" decoding=\"async\" width=\"800\" height=\"800\" data-id=\"37\" src=\"https:\/\/honigglock.de\/de\/wp-content\/uploads\/2023\/08\/bluetenvielfalt-insektenweide.jpg\" alt=\"\" class=\"wp-image-37\" style=\"aspect-ratio:1;object-fit:cover\" srcset=\"https:\/\/honigglock.de\/de\/wp-content\/uploads\/2023\/08\/bluetenvielfalt-insektenweide.jpg 800w, https:\/\/honigglock.de\/de\/wp-content\/uploads\/2023\/08\/bluetenvielfalt-insektenweide-300x300.jpg 300w, https:\/\/honigglock.de\/de\/wp-content\/uploads\/2023\/08\/bluetenvielfalt-insektenweide-100x100.jpg 100w, https:\/\/honigglock.de\/de\/wp-content\/uploads\/2023\/08\/bluetenvielfalt-insektenweide-600x600.jpg 600w, https:\/\/honigglock.de\/de\/wp-content\/uploads\/2023\/08\/bluetenvielfalt-insektenweide-150x150.jpg 150w, https:\/\/honigglock.de\/de\/wp-content\/uploads\/2023\/08\/bluetenvielfalt-insektenweide-768x768.jpg 768w\" sizes=\"auto, (max-width: 800px) 100vw, 800px\" \/><\/figure>\n<\/figure>\n\n\n\n<p class=\"has-black-color has-text-color has-medium-font-size\"><a href=\"https:\/\/honigglock.de\/newshop\/bienenhonig\/133-bluetenvielfalt-insektenweide.html\" data-type=\"link\" data-id=\"https:\/\/honigglock.de\/newshop\/de\/500-gramm\/80-bluetenvielfalt-insektenweide.html\">Insektenweide<\/a><\/p>\n\n\n\n<p class=\"has-text-color\" style=\"color:#7a7a7a\">Das reichhaltige, wechselnde Angebot von Wiesenblumen, Linde, Himbeer- und Brombeerbl\u00fcten aber auch Honigtau von Fichten der Sommermonate ist in ihm vereint. Die Zusammensetzung und der Geschmack sind jedes Jahr individuell.<\/p>\n<\/div>\n\n\n\n<div class=\"wp-block-column is-layout-flow wp-block-column-is-layout-flow\">\n<figure class=\"wp-block-gallery has-nested-images columns-default is-cropped wp-block-gallery-2 is-layout-flex wp-block-gallery-is-layout-flex\">\n<figure class=\"wp-block-image size-full\"><img loading=\"lazy\" decoding=\"async\" width=\"800\" height=\"800\" data-id=\"54\" src=\"https:\/\/honigglock.de\/de\/wp-content\/uploads\/2023\/08\/wald.jpg\" alt=\"\" class=\"wp-image-54\" style=\"aspect-ratio:1;object-fit:cover\" srcset=\"https:\/\/honigglock.de\/de\/wp-content\/uploads\/2023\/08\/wald.jpg 800w, https:\/\/honigglock.de\/de\/wp-content\/uploads\/2023\/08\/wald-300x300.jpg 300w, https:\/\/honigglock.de\/de\/wp-content\/uploads\/2023\/08\/wald-100x100.jpg 100w, https:\/\/honigglock.de\/de\/wp-content\/uploads\/2023\/08\/wald-600x600.jpg 600w, https:\/\/honigglock.de\/de\/wp-content\/uploads\/2023\/08\/wald-150x150.jpg 150w, https:\/\/honigglock.de\/de\/wp-content\/uploads\/2023\/08\/wald-768x768.jpg 768w\" sizes=\"auto, (max-width: 800px) 100vw, 800px\" \/><\/figure>\n<\/figure>\n\n\n\n<p class=\"has-black-color has-text-color has-medium-font-size\"><a href=\"https:\/\/honigglock.de\/newshop\/bienenhonig\/136-wald.html\" data-type=\"link\" data-id=\"https:\/\/honigglock.de\/newshop\/de\/500-gramm\/73-wald.html\">Wald (cremig)<\/a><\/p>\n\n\n\n<p class=\"has-text-color\" style=\"color:#7a7a7a\">Dieser dunkle, kr\u00e4ftige Honig von Nadelb\u00e4umen und Waldstauden beinhaltet viele Nuancen im Geschmack und Zuckerspektrum. Wir f\u00fcllen diesen Honig ebenfalls cremig, streichf\u00e4hig ab.<\/p>\n<\/div>\n\n\n\n<div class=\"wp-block-column is-layout-flow wp-block-column-is-layout-flow\">\n<figure class=\"wp-block-image size-full\" id=\"Raps-jump\"><img loading=\"lazy\" decoding=\"async\" width=\"800\" height=\"800\" src=\"https:\/\/honigglock.de\/de\/wp-content\/uploads\/2023\/08\/raps.jpg\" alt=\"\" class=\"wp-image-49\" style=\"aspect-ratio:1;object-fit:cover\" srcset=\"https:\/\/honigglock.de\/de\/wp-content\/uploads\/2023\/08\/raps.jpg 800w, https:\/\/honigglock.de\/de\/wp-content\/uploads\/2023\/08\/raps-300x300.jpg 300w, https:\/\/honigglock.de\/de\/wp-content\/uploads\/2023\/08\/raps-100x100.jpg 100w, https:\/\/honigglock.de\/de\/wp-content\/uploads\/2023\/08\/raps-600x600.jpg 600w, https:\/\/honigglock.de\/de\/wp-content\/uploads\/2023\/08\/raps-150x150.jpg 150w, https:\/\/honigglock.de\/de\/wp-content\/uploads\/2023\/08\/raps-768x768.jpg 768w\" sizes=\"auto, (max-width: 800px) 100vw, 800px\" \/><\/figure>\n\n\n\n<p class=\"has-black-color has-text-color has-medium-font-size\"><a href=\"https:\/\/honigglock.de\/newshop\/bienenhonig\/134-raps.html\" data-type=\"link\" data-id=\"https:\/\/honigglock.de\/newshop\/de\/500-gramm\/81-raps.html\">Raps<\/a><\/p>\n\n\n\n<p class=\"has-text-color\" style=\"color:#7a7a7a\">Dieser sehr milde, s\u00fc\u00dfe Honig kristallisiert aufgrund seines sehr hohen Traubenzuckeranteils feinsteif, streichf\u00e4hig. Als Beitracht runden L\u00f6wenzahn und Obstbl\u00fcte den Geschmack ab.<\/p>\n<\/div>\n<\/div>\n\n\n\n<div class=\"wp-block-columns alignwide is-layout-flex wp-container-core-columns-is-layout-28f84493 wp-block-columns-is-layout-flex\">\n<div class=\"wp-block-column is-layout-flow wp-block-column-is-layout-flow\">\n<figure class=\"wp-block-gallery has-nested-images columns-default is-cropped wp-block-gallery-3 is-layout-flex wp-block-gallery-is-layout-flex\">\n<figure class=\"wp-block-image size-large\"><a href=\"https:\/\/honigglock.de\/newshop\/de\/startseite\/77-heidehonig-500g.html\"><img loading=\"lazy\" decoding=\"async\" width=\"909\" height=\"1024\" data-id=\"41\" src=\"https:\/\/honigglock.de\/de\/wp-content\/uploads\/2023\/08\/Heide-500-png-909x1024.png\" alt=\"\" class=\"wp-image-41\" srcset=\"https:\/\/honigglock.de\/de\/wp-content\/uploads\/2023\/08\/Heide-500-png-909x1024.png 909w, https:\/\/honigglock.de\/de\/wp-content\/uploads\/2023\/08\/Heide-500-png-600x676.png 600w, https:\/\/honigglock.de\/de\/wp-content\/uploads\/2023\/08\/Heide-500-png-266x300.png 266w, https:\/\/honigglock.de\/de\/wp-content\/uploads\/2023\/08\/Heide-500-png-768x865.png 768w, https:\/\/honigglock.de\/de\/wp-content\/uploads\/2023\/08\/Heide-500-png-1363x1536.png 1363w, https:\/\/honigglock.de\/de\/wp-content\/uploads\/2023\/08\/Heide-500-png-1818x2048.png 1818w, https:\/\/honigglock.de\/de\/wp-content\/uploads\/2023\/08\/Heide-500-png-2000x2254.png 2000w\" sizes=\"auto, (max-width: 909px) 100vw, 909px\" \/><\/a><\/figure>\n<\/figure>\n\n\n\n<p class=\"has-black-color has-text-color has-medium-font-size\"><a href=\"https:\/\/honigglock.de\/newshop\/bienenhonig\/101-heidehonig-500g.html\" data-type=\"link\" data-id=\"https:\/\/honigglock.de\/newshop\/de\/startseite\/77-heidehonig-500g.html\">Heide<\/a><\/p>\n\n\n\n<p class=\"has-text-color\" style=\"color:#7a7a7a\">Die wenigen Naturschutzgebiete mit Besenheide liefern im August diesen Honig mit blumig w\u00fcrzigem, unaufdringlichem Aroma. Die Gewinnung dieses eiwei\u00dfreichen Honigs ist auch aufgrund der geleeartigen Konsistenz f\u00fcr Bienen und Imker mit gro\u00dfer M\u00fche verbunden. Auch ist der Ertrag sehr witterungsanf\u00e4llig, da die Kombination aus Regen und schw\u00fclwarmem Wetter passen muss.<\/p>\n<\/div>\n\n\n\n<div class=\"wp-block-column is-layout-flow wp-block-column-is-layout-flow\">\n<figure class=\"wp-block-gallery has-nested-images columns-default is-cropped wp-block-gallery-4 is-layout-flex wp-block-gallery-is-layout-flex\">\n<figure class=\"wp-block-image size-full\"><a href=\"https:\/\/honigglock.de\/newshop\/de\/500-gramm\/54-fruehtracht.html\"><img loading=\"lazy\" decoding=\"async\" width=\"800\" height=\"800\" data-id=\"39\" src=\"https:\/\/honigglock.de\/de\/wp-content\/uploads\/2023\/08\/fruehtracht.jpg\" alt=\"\" class=\"wp-image-39\" srcset=\"https:\/\/honigglock.de\/de\/wp-content\/uploads\/2023\/08\/fruehtracht.jpg 800w, https:\/\/honigglock.de\/de\/wp-content\/uploads\/2023\/08\/fruehtracht-300x300.jpg 300w, https:\/\/honigglock.de\/de\/wp-content\/uploads\/2023\/08\/fruehtracht-100x100.jpg 100w, https:\/\/honigglock.de\/de\/wp-content\/uploads\/2023\/08\/fruehtracht-600x600.jpg 600w, https:\/\/honigglock.de\/de\/wp-content\/uploads\/2023\/08\/fruehtracht-150x150.jpg 150w, https:\/\/honigglock.de\/de\/wp-content\/uploads\/2023\/08\/fruehtracht-768x768.jpg 768w\" sizes=\"auto, (max-width: 800px) 100vw, 800px\" \/><\/a><\/figure>\n<\/figure>\n\n\n\n<p class=\"has-black-color has-text-color has-medium-font-size\"><a href=\"https:\/\/honigglock.de\/newshop\/bienenhonig\/138-fruehtracht.html\">Fr\u00fchtracht<\/a><\/p>\n\n\n\n<p class=\"has-text-color\" style=\"color:#7a7a7a\">Bei Fr\u00fchtracht handelt es sich um einen milden, s\u00fc\u00dfen Honig, der in der \u00dcbergangszeit von der Obstbl\u00fcte zur Rapsbl\u00fcte gewonnen wird.<\/p>\n<\/div>\n\n\n\n<div class=\"wp-block-column is-layout-flow wp-block-column-is-layout-flow\">\n<figure class=\"wp-block-image size-full\" id=\"Wei\u00dftanne-500\"><a href=\"https:\/\/honigglock.de\/newshop\/de\/500-gramm\/66-weisstanne.html\"><img loading=\"lazy\" decoding=\"async\" width=\"800\" height=\"800\" src=\"https:\/\/honigglock.de\/de\/wp-content\/uploads\/2023\/08\/weisstanne.jpg\" alt=\"\" class=\"wp-image-56\" srcset=\"https:\/\/honigglock.de\/de\/wp-content\/uploads\/2023\/08\/weisstanne.jpg 800w, https:\/\/honigglock.de\/de\/wp-content\/uploads\/2023\/08\/weisstanne-300x300.jpg 300w, https:\/\/honigglock.de\/de\/wp-content\/uploads\/2023\/08\/weisstanne-100x100.jpg 100w, https:\/\/honigglock.de\/de\/wp-content\/uploads\/2023\/08\/weisstanne-600x600.jpg 600w, https:\/\/honigglock.de\/de\/wp-content\/uploads\/2023\/08\/weisstanne-150x150.jpg 150w, https:\/\/honigglock.de\/de\/wp-content\/uploads\/2023\/08\/weisstanne-768x768.jpg 768w\" sizes=\"auto, (max-width: 800px) 100vw, 800px\" \/><\/a><\/figure>\n\n\n\n<p class=\"has-black-color has-text-color has-medium-font-size\"><a href=\"https:\/\/honigglock.de\/newshop\/bienenhonig\/135-weisstanne.html\" data-type=\"link\" data-id=\"https:\/\/honigglock.de\/newshop\/de\/500-gramm\/66-weisstanne.html\">Wei\u00dftanne<\/a><\/p>\n\n\n\n<p class=\"has-text-color\" style=\"color:#7a7a7a\">Der fl\u00fcssig abgef\u00fcllte, klassische, seltene Honig aus dem Schwarzwald bzw. schw\u00e4bischem Wald ist sehr w\u00fcrzig und aromatisch im Geschmack. Der Honigtau stammt von ganz speziellen Insekten, die durchschnittlich nur alle 4 Jahre auftreten. Wenn dies dann mit einem verregneten Sommer zusammenf\u00e4llt, so liegt dies ebenfalls in der Natur der Sache.<\/p>\n<\/div>\n<\/div>\n\n\n\n<div class=\"wp-block-columns alignwide is-layout-flex wp-container-core-columns-is-layout-28f84493 wp-block-columns-is-layout-flex\">\n<div class=\"wp-block-column is-layout-flow wp-block-column-is-layout-flow\">\n<figure class=\"wp-block-gallery has-nested-images columns-default is-cropped wp-block-gallery-5 is-layout-flex wp-block-gallery-is-layout-flex\">\n<figure class=\"wp-block-image size-full\"><img loading=\"lazy\" decoding=\"async\" width=\"800\" height=\"800\" data-id=\"45\" src=\"https:\/\/honigglock.de\/de\/wp-content\/uploads\/2023\/08\/linde.jpg\" alt=\"\" class=\"wp-image-45\" style=\"aspect-ratio:1;object-fit:cover\" srcset=\"https:\/\/honigglock.de\/de\/wp-content\/uploads\/2023\/08\/linde.jpg 800w, https:\/\/honigglock.de\/de\/wp-content\/uploads\/2023\/08\/linde-300x300.jpg 300w, https:\/\/honigglock.de\/de\/wp-content\/uploads\/2023\/08\/linde-100x100.jpg 100w, https:\/\/honigglock.de\/de\/wp-content\/uploads\/2023\/08\/linde-600x600.jpg 600w, https:\/\/honigglock.de\/de\/wp-content\/uploads\/2023\/08\/linde-150x150.jpg 150w, https:\/\/honigglock.de\/de\/wp-content\/uploads\/2023\/08\/linde-768x768.jpg 768w\" sizes=\"auto, (max-width: 800px) 100vw, 800px\" \/><\/figure>\n<\/figure>\n\n\n\n<p class=\"has-black-color has-text-color has-medium-font-size\"><a href=\"https:\/\/honigglock.de\/newshop\/bienenhonig\/120-linde.html\" data-type=\"link\" data-id=\"https:\/\/honigglock.de\/newshop\/de\/500-gramm\/79-linde.html\">Linde<\/a><\/p>\n\n\n\n<p class=\"has-text-color\" style=\"color:#7a7a7a\">Die Lindenalleen in Ludwigsburg liefern diesen charakteristischen, etwas herben Bl\u00fctenhonig.<\/p>\n<\/div>\n\n\n\n<div class=\"wp-block-column is-layout-flow wp-block-column-is-layout-flow\">\n<figure class=\"wp-block-image size-full\" id=\"Kastanie-jump\"><a href=\"https:\/\/honigglock.de\/newshop\/de\/500-gramm\/82-kastanie.html\"><img loading=\"lazy\" decoding=\"async\" width=\"800\" height=\"800\" src=\"https:\/\/honigglock.de\/de\/wp-content\/uploads\/2023\/08\/kastanie.jpg\" alt=\"\" class=\"wp-image-43\" style=\"aspect-ratio:1;object-fit:cover\" srcset=\"https:\/\/honigglock.de\/de\/wp-content\/uploads\/2023\/08\/kastanie.jpg 800w, https:\/\/honigglock.de\/de\/wp-content\/uploads\/2023\/08\/kastanie-300x300.jpg 300w, https:\/\/honigglock.de\/de\/wp-content\/uploads\/2023\/08\/kastanie-100x100.jpg 100w, https:\/\/honigglock.de\/de\/wp-content\/uploads\/2023\/08\/kastanie-600x600.jpg 600w, https:\/\/honigglock.de\/de\/wp-content\/uploads\/2023\/08\/kastanie-150x150.jpg 150w, https:\/\/honigglock.de\/de\/wp-content\/uploads\/2023\/08\/kastanie-768x768.jpg 768w\" sizes=\"auto, (max-width: 800px) 100vw, 800px\" \/><\/a><\/figure>\n\n\n\n<p class=\"has-black-color has-text-color has-medium-font-size\"><a href=\"https:\/\/honigglock.de\/newshop\/bienenhonig\/137-kastanie.html\" data-type=\"link\" data-id=\"https:\/\/honigglock.de\/newshop\/de\/500-gramm\/82-kastanie.html\">Kastanie<\/a><\/p>\n\n\n\n<p class=\"has-text-color\" style=\"color:#7a7a7a\">Vergessen sie, wie Honig \u201enormal\u201c schmeckt und probieren sie diese Besonderheit von den Bl\u00fcten der Maronen aus der Pfalz mit sehr intensivem, eigenem Aroma. Dieses Liebhaberprodukt bleibt als einer der wenigen Bl\u00fctenhonige \u00fcber l\u00e4ngere Zeit fl\u00fcssig.<\/p>\n<\/div>\n\n\n\n<div class=\"wp-block-column is-layout-flow wp-block-column-is-layout-flow\">\n<figure class=\"wp-block-image size-large\"><a href=\"https:\/\/honigglock.de\/newshop\/de\/honig\/74-obstbluete.html\"><img loading=\"lazy\" decoding=\"async\" width=\"861\" height=\"1024\" src=\"https:\/\/honigglock.de\/de\/wp-content\/uploads\/2023\/08\/Obstbluete-500-861x1024.png\" alt=\"\" class=\"wp-image-232\" style=\"aspect-ratio:1;object-fit:cover\" srcset=\"https:\/\/honigglock.de\/de\/wp-content\/uploads\/2023\/08\/Obstbluete-500-861x1024.png 861w, https:\/\/honigglock.de\/de\/wp-content\/uploads\/2023\/08\/Obstbluete-500-600x714.png 600w, https:\/\/honigglock.de\/de\/wp-content\/uploads\/2023\/08\/Obstbluete-500-252x300.png 252w, https:\/\/honigglock.de\/de\/wp-content\/uploads\/2023\/08\/Obstbluete-500-768x914.png 768w, https:\/\/honigglock.de\/de\/wp-content\/uploads\/2023\/08\/Obstbluete-500.png 902w\" sizes=\"auto, (max-width: 861px) 100vw, 861px\" \/><\/a><\/figure>\n\n\n\n<p class=\"has-black-color has-text-color has-medium-font-size\"><a href=\"https:\/\/honigglock.de\/newshop\/bienenhonig\/149-obstbluete.html\" data-type=\"link\" data-id=\"https:\/\/honigglock.de\/newshop\/de\/honig\/74-obstbluete.html\">Obstbl\u00fcte<\/a><\/p>\n\n\n\n<p class=\"has-text-color has-link-color wp-elements-036b0828d1f2aee473434626db99e579\" style=\"color:#7a7a7a\">Der blumige Honig von Streuobstwiesen aus der Kirsch-, Apfel- und Birnenbl\u00fcte ist leider aufgrund der oft k\u00fchlen Fr\u00fchjahrswitterung selten zu ernten.<\/p>\n<\/div>\n<\/div>\n\n\n\n<div class=\"wp-block-columns alignwide is-layout-flex wp-container-core-columns-is-layout-28f84493 wp-block-columns-is-layout-flex\">\n<div class=\"wp-block-column is-layout-flow wp-block-column-is-layout-flow\">\n<figure class=\"wp-block-gallery has-nested-images columns-default is-cropped wp-block-gallery-6 is-layout-flex wp-block-gallery-is-layout-flex\">\n<figure class=\"wp-block-image size-full\"><img loading=\"lazy\" decoding=\"async\" width=\"800\" height=\"800\" data-id=\"779\" src=\"https:\/\/honigglock.de\/de\/wp-content\/uploads\/2024\/11\/Loewenzahn-500-g.jpg\" alt=\"\" class=\"wp-image-779\" style=\"aspect-ratio:1;object-fit:cover\" srcset=\"https:\/\/honigglock.de\/de\/wp-content\/uploads\/2024\/11\/Loewenzahn-500-g.jpg 800w, https:\/\/honigglock.de\/de\/wp-content\/uploads\/2024\/11\/Loewenzahn-500-g-300x300.jpg 300w, https:\/\/honigglock.de\/de\/wp-content\/uploads\/2024\/11\/Loewenzahn-500-g-100x100.jpg 100w, https:\/\/honigglock.de\/de\/wp-content\/uploads\/2024\/11\/Loewenzahn-500-g-600x600.jpg 600w, https:\/\/honigglock.de\/de\/wp-content\/uploads\/2024\/11\/Loewenzahn-500-g-150x150.jpg 150w, https:\/\/honigglock.de\/de\/wp-content\/uploads\/2024\/11\/Loewenzahn-500-g-768x768.jpg 768w\" sizes=\"auto, (max-width: 800px) 100vw, 800px\" \/><\/figure>\n<\/figure>\n\n\n\n<p class=\"has-black-color has-text-color has-medium-font-size\"><a href=\"https:\/\/honigglock.de\/newshop\/startseite\/31-loewenzahn.html\" data-type=\"link\" data-id=\"https:\/\/honigglock.de\/newshop\/de\/500-gramm\/79-linde.html\">L\u00f6wenzahn<\/a><\/p>\n\n\n\n<p class=\"has-text-color\" style=\"color:#7a7a7a\">Der fein-cremig, zarte&nbsp;L\u00f6wenzahnhonig ist mild im Geschmack mit einer einzigartigen blumigen Note. Er besticht durch seine goldgelbe Farbe und seinen individuellen Duft.&nbsp;<\/p>\n<\/div>\n\n\n\n<div class=\"wp-block-column is-layout-flow wp-block-column-is-layout-flow\">\n<p class=\"has-black-color has-text-color has-medium-font-size\"><\/p>\n\n\n\n<p class=\"has-text-color\" style=\"color:#7a7a7a\"><\/p>\n<\/div>\n\n\n\n<div class=\"wp-block-column is-layout-flow wp-block-column-is-layout-flow\">\n<p class=\"has-black-color has-text-color has-medium-font-size\"><\/p>\n\n\n\n<p><\/p>\n<\/div>\n<\/div>\n\n\n\n<p><\/p>\n","protected":false},"excerpt":{"rendered":"<p>Honig-Vielfalt aus der Natur Prinzipiell kann man zwischen Bl\u00fcten- und Waldhonig unterscheiden. Bl\u00fctenhonige bestehen \u00fcberwiegend aus Traubenzucker (Glucose), wogegen Waldhonige haupts\u00e4chlich Fruchtzucker (Fructose) enthalten. Deshalb kristallisieren die meisten Bl\u00fctenhonige wenige Wochen nach der Schleuderung, weshalb wir sie \u00fcberwiegend cremig, streichf\u00e4hig abf\u00fcllen, wogegen Waldhonige l\u00e4nger fl\u00fcssig bleiben. Allerdings kristalli\u00adsieren&nbsp;alle nat\u00fcrlich belassenen Honige&nbsp;nach einiger Zeit! Honig kann &hellip; <\/p>\n<p class=\"link-more\"><a href=\"https:\/\/honigglock.de\/de\/about\/\" class=\"more-link\">Mehr <span class=\"screen-reader-text\">\u00fcber &#8220;Unsere Sorten&#8221; <\/span>Lesen<\/a><\/p>\n","protected":false},"author":1,"featured_media":13,"parent":0,"menu_order":0,"comment_status":"closed","ping_status":"closed","template":"","meta":{"inspiro_hide_title":false,"footnotes":""},"class_list":["post-8","page","type-page","status-publish","has-post-thumbnail","hentry"],"_links":{"self":[{"href":"https:\/\/honigglock.de\/de\/wp-json\/wp\/v2\/pages\/8","targetHints":{"allow":["GET"]}}],"collection":[{"href":"https:\/\/honigglock.de\/de\/wp-json\/wp\/v2\/pages"}],"about":[{"href":"https:\/\/honigglock.de\/de\/wp-json\/wp\/v2\/types\/page"}],"author":[{"embeddable":true,"href":"https:\/\/honigglock.de\/de\/wp-json\/wp\/v2\/users\/1"}],"replies":[{"embeddable":true,"href":"https:\/\/honigglock.de\/de\/wp-json\/wp\/v2\/comments?post=8"}],"version-history":[{"count":64,"href":"https:\/\/honigglock.de\/de\/wp-json\/wp\/v2\/pages\/8\/revisions"}],"predecessor-version":[{"id":837,"href":"https:\/\/honigglock.de\/de\/wp-json\/wp\/v2\/pages\/8\/revisions\/837"}],"wp:featuredmedia":[{"embeddable":true,"href":"https:\/\/honigglock.de\/de\/wp-json\/wp\/v2\/media\/13"}],"wp:attachment":[{"href":"https:\/\/honigglock.de\/de\/wp-json\/wp\/v2\/media?parent=8"}],"curies":[{"name":"wp","href":"https:\/\/api.w.org\/{rel}","templated":true}]}}