{"id":714,"date":"2024-11-12T17:53:15","date_gmt":"2024-11-12T17:53:15","guid":{"rendered":"https:\/\/honigglock.de\/de\/?page_id=714"},"modified":"2026-04-06T10:41:00","modified_gmt":"2026-04-06T10:41:00","slug":"honig-erleben-kommt-in-unser-wohnzimmer","status":"publish","type":"page","link":"https:\/\/honigglock.de\/de\/honig-erleben-kommt-in-unser-wohnzimmer\/","title":{"rendered":"Honig erleben &#8211; Kommt in unser Wohnzimmer"},"content":{"rendered":"\n<p>Du darfst dich auf einen gem\u00fctlichen und interessanten Abend freuen!<\/p>\n\n\n\n<p>Wir stellen zeitnah <strong>neue Termine <\/strong>f\u00fcr Januar bis M\u00e4rz 2027 ein.<\/p>\n\n\n\n<p><strong>Das erwartet dich:<\/strong><\/p>\n\n\n\n<figure class=\"wp-block-gallery has-nested-images columns-default is-cropped wp-block-gallery-1 is-layout-flex wp-block-gallery-is-layout-flex\">\n<figure class=\"wp-block-image size-large\"><img loading=\"lazy\" decoding=\"async\" width=\"1024\" height=\"1024\" data-id=\"721\" src=\"https:\/\/honigglock.de\/de\/wp-content\/uploads\/2024\/11\/Bild_Instagram-1-1024x1024.jpg\" alt=\"\" class=\"wp-image-721\" srcset=\"https:\/\/honigglock.de\/de\/wp-content\/uploads\/2024\/11\/Bild_Instagram-1-1024x1024.jpg 1024w, https:\/\/honigglock.de\/de\/wp-content\/uploads\/2024\/11\/Bild_Instagram-1-300x300.jpg 300w, https:\/\/honigglock.de\/de\/wp-content\/uploads\/2024\/11\/Bild_Instagram-1-scaled-100x100.jpg 100w, https:\/\/honigglock.de\/de\/wp-content\/uploads\/2024\/11\/Bild_Instagram-1-scaled-600x600.jpg 600w, https:\/\/honigglock.de\/de\/wp-content\/uploads\/2024\/11\/Bild_Instagram-1-150x150.jpg 150w, https:\/\/honigglock.de\/de\/wp-content\/uploads\/2024\/11\/Bild_Instagram-1-768x768.jpg 768w, https:\/\/honigglock.de\/de\/wp-content\/uploads\/2024\/11\/Bild_Instagram-1-1536x1536.jpg 1536w, https:\/\/honigglock.de\/de\/wp-content\/uploads\/2024\/11\/Bild_Instagram-1-2048x2048.jpg 2048w, https:\/\/honigglock.de\/de\/wp-content\/uploads\/2024\/11\/Bild_Instagram-1-2000x2000.jpg 2000w\" sizes=\"auto, (max-width: 1024px) 100vw, 1024px\" \/><figcaption class=\"wp-element-caption\">Honigsorten mit frischem, eigenem Brot kosten.<\/figcaption><\/figure>\n\n\n\n<figure class=\"wp-block-image size-large is-style-default\"><img loading=\"lazy\" decoding=\"async\" width=\"1024\" height=\"1024\" data-id=\"722\" src=\"https:\/\/honigglock.de\/de\/wp-content\/uploads\/2024\/11\/Kerzen-1-1024x1024.png\" alt=\"\" class=\"wp-image-722\" srcset=\"https:\/\/honigglock.de\/de\/wp-content\/uploads\/2024\/11\/Kerzen-1-1024x1024.png 1024w, https:\/\/honigglock.de\/de\/wp-content\/uploads\/2024\/11\/Kerzen-1-300x300.png 300w, https:\/\/honigglock.de\/de\/wp-content\/uploads\/2024\/11\/Kerzen-1-100x100.png 100w, https:\/\/honigglock.de\/de\/wp-content\/uploads\/2024\/11\/Kerzen-1-600x600.png 600w, https:\/\/honigglock.de\/de\/wp-content\/uploads\/2024\/11\/Kerzen-1-150x150.png 150w, https:\/\/honigglock.de\/de\/wp-content\/uploads\/2024\/11\/Kerzen-1-768x768.png 768w, https:\/\/honigglock.de\/de\/wp-content\/uploads\/2024\/11\/Kerzen-1-1536x1536.png 1536w, https:\/\/honigglock.de\/de\/wp-content\/uploads\/2024\/11\/Kerzen-1-2048x2048.png 2048w, https:\/\/honigglock.de\/de\/wp-content\/uploads\/2024\/11\/Kerzen-1-2000x2000.png 2000w\" sizes=\"auto, (max-width: 1024px) 100vw, 1024px\" \/><figcaption class=\"wp-element-caption\">Eigene Kerzen gie\u00dfen.<\/figcaption><\/figure>\n\n\n\n<figure class=\"wp-block-image size-large is-style-default\"><img loading=\"lazy\" decoding=\"async\" width=\"1024\" height=\"1024\" data-id=\"653\" src=\"https:\/\/honigglock.de\/de\/wp-content\/uploads\/2024\/09\/20240916_202923-1024x1024.jpg\" alt=\"\" class=\"wp-image-653\" srcset=\"https:\/\/honigglock.de\/de\/wp-content\/uploads\/2024\/09\/20240916_202923-1024x1024.jpg 1024w, https:\/\/honigglock.de\/de\/wp-content\/uploads\/2024\/09\/20240916_202923-300x300.jpg 300w, https:\/\/honigglock.de\/de\/wp-content\/uploads\/2024\/09\/20240916_202923-scaled-100x100.jpg 100w, https:\/\/honigglock.de\/de\/wp-content\/uploads\/2024\/09\/20240916_202923-scaled-600x600.jpg 600w, https:\/\/honigglock.de\/de\/wp-content\/uploads\/2024\/09\/20240916_202923-150x150.jpg 150w, https:\/\/honigglock.de\/de\/wp-content\/uploads\/2024\/09\/20240916_202923-768x768.jpg 768w, https:\/\/honigglock.de\/de\/wp-content\/uploads\/2024\/09\/20240916_202923-1536x1536.jpg 1536w, https:\/\/honigglock.de\/de\/wp-content\/uploads\/2024\/09\/20240916_202923-2048x2048.jpg 2048w, https:\/\/honigglock.de\/de\/wp-content\/uploads\/2024\/09\/20240916_202923-2000x2000.jpg 2000w\" sizes=\"auto, (max-width: 1024px) 100vw, 1024px\" \/><figcaption class=\"wp-element-caption\">Schleuderraum besichtigen<\/figcaption><\/figure>\n\n\n\n<figure class=\"wp-block-image size-large\"><img loading=\"lazy\" decoding=\"async\" width=\"1024\" height=\"1020\" data-id=\"718\" src=\"https:\/\/honigglock.de\/de\/wp-content\/uploads\/2024\/11\/Papa_quadratisch-1024x1020.png\" alt=\"\" class=\"wp-image-718\" srcset=\"https:\/\/honigglock.de\/de\/wp-content\/uploads\/2024\/11\/Papa_quadratisch-1024x1020.png 1024w, https:\/\/honigglock.de\/de\/wp-content\/uploads\/2024\/11\/Papa_quadratisch-300x300.png 300w, https:\/\/honigglock.de\/de\/wp-content\/uploads\/2024\/11\/Papa_quadratisch-100x100.png 100w, https:\/\/honigglock.de\/de\/wp-content\/uploads\/2024\/11\/Papa_quadratisch-600x598.png 600w, https:\/\/honigglock.de\/de\/wp-content\/uploads\/2024\/11\/Papa_quadratisch-150x150.png 150w, https:\/\/honigglock.de\/de\/wp-content\/uploads\/2024\/11\/Papa_quadratisch-768x765.png 768w, https:\/\/honigglock.de\/de\/wp-content\/uploads\/2024\/11\/Papa_quadratisch-1536x1531.png 1536w, https:\/\/honigglock.de\/de\/wp-content\/uploads\/2024\/11\/Papa_quadratisch-2048x2041.png 2048w, https:\/\/honigglock.de\/de\/wp-content\/uploads\/2024\/11\/Papa_quadratisch-2000x1993.png 2000w\" sizes=\"auto, (max-width: 1024px) 100vw, 1024px\" \/><figcaption class=\"wp-element-caption\">Wissenswertes vom Imker<\/figcaption><\/figure>\n<\/figure>\n\n\n\n<p><strong>Fakten zum Event:<\/strong><\/p>\n\n\n\n<p><em>Ort:<\/em> D\u00fcrrbachstr. 54, 70329 Stuttgart<\/p>\n\n\n\n<p><em>Dauer:<\/em> ca. 2 Stunden<\/p>\n\n\n\n<p><em>Preis:<\/em> 14 \u20ac erm\u00e4\u00dfigt, 19 \u20ac regul\u00e4r<\/p>\n\n\n\n\n\n<p><\/p>\n\n\n\n<p><\/p>\n","protected":false},"excerpt":{"rendered":"<p>Du darfst dich auf einen gem\u00fctlichen und interessanten Abend freuen! Wir stellen zeitnah neue Termine f\u00fcr Januar bis M\u00e4rz 2027 ein. Das erwartet dich: Fakten zum Event: Ort: D\u00fcrrbachstr. 54, 70329 Stuttgart Dauer: ca. 2 Stunden Preis: 14 \u20ac erm\u00e4\u00dfigt, 19 \u20ac regul\u00e4r Zur Anmeldung Zeitnah<\/p>\n","protected":false},"author":1,"featured_media":726,"parent":0,"menu_order":0,"comment_status":"closed","ping_status":"open","template":"","meta":{"inspiro_hide_title":false,"footnotes":""},"class_list":["post-714","page","type-page","status-publish","has-post-thumbnail","hentry"],"_links":{"self":[{"href":"https:\/\/honigglock.de\/de\/wp-json\/wp\/v2\/pages\/714","targetHints":{"allow":["GET"]}}],"collection":[{"href":"https:\/\/honigglock.de\/de\/wp-json\/wp\/v2\/pages"}],"about":[{"href":"https:\/\/honigglock.de\/de\/wp-json\/wp\/v2\/types\/page"}],"author":[{"embeddable":true,"href":"https:\/\/honigglock.de\/de\/wp-json\/wp\/v2\/users\/1"}],"replies":[{"embeddable":true,"href":"https:\/\/honigglock.de\/de\/wp-json\/wp\/v2\/comments?post=714"}],"version-history":[{"count":20,"href":"https:\/\/honigglock.de\/de\/wp-json\/wp\/v2\/pages\/714\/revisions"}],"predecessor-version":[{"id":873,"href":"https:\/\/honigglock.de\/de\/wp-json\/wp\/v2\/pages\/714\/revisions\/873"}],"wp:featuredmedia":[{"embeddable":true,"href":"https:\/\/honigglock.de\/de\/wp-json\/wp\/v2\/media\/726"}],"wp:attachment":[{"href":"https:\/\/honigglock.de\/de\/wp-json\/wp\/v2\/media?parent=714"}],"curies":[{"name":"wp","href":"https:\/\/api.w.org\/{rel}","templated":true}]}}