{"id":7,"date":"2023-08-09T18:32:29","date_gmt":"2023-08-09T18:32:29","guid":{"rendered":"https:\/\/honigglock.de\/de\/?page_id=7"},"modified":"2026-04-06T10:39:00","modified_gmt":"2026-04-06T10:39:00","slug":"schoene-portfolios-fuer-aussergewoehnliche-kreative","status":"publish","type":"page","link":"https:\/\/honigglock.de\/de\/","title":{"rendered":"Die Imkerei ist bei uns ein Familienwerk."},"content":{"rendered":"\n\n\n<div class=\"wp-block-columns is-layout-flex wp-container-core-columns-is-layout-28f84493 wp-block-columns-is-layout-flex\">\n<div class=\"wp-block-column is-layout-flow wp-block-column-is-layout-flow\">\n<div style=\"height:23px\" aria-hidden=\"true\" class=\"wp-block-spacer\"><\/div>\n\n\n\n<figure class=\"wp-block-image size-large is-resized is-style-rounded\"><img loading=\"lazy\" decoding=\"async\" width=\"1024\" height=\"1024\" src=\"https:\/\/honigglock.de\/de\/wp-content\/uploads\/2024\/11\/Papa-Opa-Tim_PNG-Quadratisch-1-1024x1024.png\" alt=\"\" class=\"wp-image-746\" style=\"width:376px;height:auto\" srcset=\"https:\/\/honigglock.de\/de\/wp-content\/uploads\/2024\/11\/Papa-Opa-Tim_PNG-Quadratisch-1-1024x1024.png 1024w, https:\/\/honigglock.de\/de\/wp-content\/uploads\/2024\/11\/Papa-Opa-Tim_PNG-Quadratisch-1-300x300.png 300w, https:\/\/honigglock.de\/de\/wp-content\/uploads\/2024\/11\/Papa-Opa-Tim_PNG-Quadratisch-1-100x100.png 100w, https:\/\/honigglock.de\/de\/wp-content\/uploads\/2024\/11\/Papa-Opa-Tim_PNG-Quadratisch-1-600x600.png 600w, https:\/\/honigglock.de\/de\/wp-content\/uploads\/2024\/11\/Papa-Opa-Tim_PNG-Quadratisch-1-150x150.png 150w, https:\/\/honigglock.de\/de\/wp-content\/uploads\/2024\/11\/Papa-Opa-Tim_PNG-Quadratisch-1-768x768.png 768w, https:\/\/honigglock.de\/de\/wp-content\/uploads\/2024\/11\/Papa-Opa-Tim_PNG-Quadratisch-1-1536x1536.png 1536w, https:\/\/honigglock.de\/de\/wp-content\/uploads\/2024\/11\/Papa-Opa-Tim_PNG-Quadratisch-1-2048x2048.png 2048w, https:\/\/honigglock.de\/de\/wp-content\/uploads\/2024\/11\/Papa-Opa-Tim_PNG-Quadratisch-1-2000x1999.png 2000w\" sizes=\"auto, (max-width: 1024px) 100vw, 1024px\" \/><\/figure>\n<\/div>\n\n\n\n<div class=\"wp-block-column is-vertically-aligned-center is-layout-flow wp-block-column-is-layout-flow\">\n<p>Bereits im Jahr 1919 best\u00e4ubten die Bienen unseres Gro\u00dfvaters die Obstbl\u00fcten in Stuttgart-Rohracker. Seither halten wir die Bienen nunmehr in der dritten Generation. In dieser Zeitspanne gab es manche R\u00fcckschl\u00e4ge und viele Ver\u00e4nderungen, doch die Faszination und die Leidenschaft an diesem Hobby ist geblieben.<\/p>\n<\/div>\n<\/div>\n\n\n\n<div class=\"wp-block-group alignfull has-background is-layout-flow wp-block-group-is-layout-flow\" style=\"background-color:#e5e9ec\">\n<div class=\"wp-block-columns is-layout-flex wp-container-core-columns-is-layout-28f84493 wp-block-columns-is-layout-flex\">\n<div class=\"wp-block-column is-vertically-aligned-center is-layout-flow wp-block-column-is-layout-flow\">\n<h2 class=\"wp-block-heading\">Unser Shop &amp; Honigautomat<\/h2>\n\n\n\n<p>Unseren regionalen Honig k\u00f6nnen Sie zum einen im Shop oder direkt bei uns in Stuttgart Rohracker am Verkaufsautomat kaufen. Ob Sommer oder Winter. 24\/7.<\/p>\n\n\n\n<p>Gerne k\u00f6nnen Sie sich auch telefonisch Ihren Honig vorbestellen und direkt an der Haust\u00fcre abholen.&nbsp;<\/p>\n\n\n\n<div class=\"wp-block-buttons is-horizontal is-content-justification-left is-layout-flex wp-container-core-buttons-is-layout-20be11b6 wp-block-buttons-is-layout-flex\">\n<div class=\"wp-block-button is-style-fill\"><a class=\"wp-block-button__link wp-element-button\" href=\"https:\/\/honigglock.de\/newshop\/10-bienenhonig\" target=\"_blank\" rel=\"noreferrer noopener\">Shop<\/a><\/div>\n\n\n\n<div class=\"wp-block-button is-style-fill\"><a class=\"wp-block-button__link wp-element-button\" href=\"https:\/\/honigglock.de\/de\/honigautomat\/\">automat<\/a><\/div>\n<\/div>\n\n\n\n<p><\/p>\n<\/div>\n\n\n\n<div class=\"wp-block-column is-layout-flow wp-block-column-is-layout-flow\">\n<div style=\"height:48px\" aria-hidden=\"true\" class=\"wp-block-spacer\"><\/div>\n\n\n\n<figure class=\"wp-block-gallery has-nested-images columns-default is-cropped wp-block-gallery-3 is-layout-flex wp-block-gallery-is-layout-flex\">\n<figure class=\"wp-block-image size-large is-resized is-style-rounded\"><img loading=\"lazy\" decoding=\"async\" width=\"803\" height=\"556\" data-id=\"574\" src=\"https:\/\/honigglock.de\/de\/wp-content\/uploads\/2024\/08\/Bild_Automat_50-edited.png\" alt=\"\" class=\"wp-image-574\" style=\"aspect-ratio:1;object-fit:cover;width:400px;height:undefinedpx\" srcset=\"https:\/\/honigglock.de\/de\/wp-content\/uploads\/2024\/08\/Bild_Automat_50-edited.png 803w, https:\/\/honigglock.de\/de\/wp-content\/uploads\/2024\/08\/Bild_Automat_50-edited-600x415.png 600w, https:\/\/honigglock.de\/de\/wp-content\/uploads\/2024\/08\/Bild_Automat_50-edited-300x208.png 300w, https:\/\/honigglock.de\/de\/wp-content\/uploads\/2024\/08\/Bild_Automat_50-edited-768x532.png 768w\" sizes=\"auto, (max-width: 803px) 100vw, 803px\" \/><\/figure>\n<\/figure>\n<\/div>\n<\/div>\n<\/div>\n\n\n\n<div class=\"wp-block-columns are-vertically-aligned-center is-layout-flex wp-container-core-columns-is-layout-28f84493 wp-block-columns-is-layout-flex\">\n<div class=\"wp-block-column is-vertically-aligned-center is-layout-flow wp-block-column-is-layout-flow\">\n<div style=\"height:9px\" aria-hidden=\"true\" class=\"wp-block-spacer\"><\/div>\n\n\n\n<figure class=\"wp-block-image size-full is-resized is-style-rounded\"><img loading=\"lazy\" decoding=\"async\" width=\"640\" height=\"635\" src=\"https:\/\/honigglock.de\/de\/wp-content\/uploads\/2023\/08\/instagram-1581266_640.jpg\" alt=\"\" class=\"wp-image-100\" style=\"object-fit:cover;width:400px;height:400px\" srcset=\"https:\/\/honigglock.de\/de\/wp-content\/uploads\/2023\/08\/instagram-1581266_640.jpg 640w, https:\/\/honigglock.de\/de\/wp-content\/uploads\/2023\/08\/instagram-1581266_640-100x100.jpg 100w, https:\/\/honigglock.de\/de\/wp-content\/uploads\/2023\/08\/instagram-1581266_640-600x595.jpg 600w, https:\/\/honigglock.de\/de\/wp-content\/uploads\/2023\/08\/instagram-1581266_640-300x298.jpg 300w, https:\/\/honigglock.de\/de\/wp-content\/uploads\/2023\/08\/instagram-1581266_640-150x150.jpg 150w\" sizes=\"auto, (max-width: 640px) 100vw, 640px\" \/><\/figure>\n<\/div>\n\n\n\n<div class=\"wp-block-column is-vertically-aligned-center is-layout-flow wp-block-column-is-layout-flow\">\n<h2 class=\"wp-block-heading\">Du m\u00f6chtest wissen, wie Dein Honig entsteht? <\/h2>\n\n\n\n<p>Dann folg uns gerne auf Instagram. Von der Bl\u00fcte bis ins Glas.<\/p>\n\n\n\n<p><em>@honigglock<\/em><\/p>\n\n\n\n<div class=\"wp-block-buttons is-layout-flex wp-block-buttons-is-layout-flex\">\n<div class=\"wp-block-button is-style-outline is-style-outline--4\"><a class=\"wp-block-button__link wp-element-button\" href=\"https:\/\/www.instagram.com\/honigglock\/\">Instagram<\/a><\/div>\n<\/div>\n<\/div>\n<\/div>\n\n\n\n<div class=\"wp-block-group alignfull has-background is-layout-flow wp-block-group-is-layout-flow\" style=\"background-color:#e5e9ec\">\n<div class=\"wp-block-columns is-layout-flex wp-container-core-columns-is-layout-28f84493 wp-block-columns-is-layout-flex\">\n<div class=\"wp-block-column is-vertically-aligned-center is-layout-flow wp-block-column-is-layout-flow\">\n<h2 class=\"wp-block-heading\">Unsere Philosophie<\/h2>\n\n\n\n<p>Wir stehen f\u00fcr die hohen Qualit\u00e4tsanspr\u00fcchen, die wir an unseren Honig stellen. Zu den wichtigsten Aspekten unserer Imkerei geh\u00f6ren:<\/p>\n\n\n\n<ul class=\"wp-block-list\">\n<li>Nachzucht von jungen, vitalen Bienenv\u00f6lkern ohne Zukauf von Bienen<\/li>\n<\/ul>\n\n\n\n<ul class=\"wp-block-list\">\n<li>Keine Verwendung von Medikamenten<\/li>\n<\/ul>\n\n\n\n<ul class=\"wp-block-list\">\n<li>Eigener Wachskreislauf<\/li>\n<\/ul>\n\n\n\n<div class=\"wp-block-buttons is-horizontal is-content-justification-left is-layout-flex wp-container-core-buttons-is-layout-20be11b6 wp-block-buttons-is-layout-flex\"><\/div>\n\n\n\n<p><\/p>\n<\/div>\n\n\n\n<div class=\"wp-block-column is-layout-flow wp-block-column-is-layout-flow\">\n<div style=\"height:48px\" aria-hidden=\"true\" class=\"wp-block-spacer\"><\/div>\n\n\n\n<figure class=\"wp-block-image aligncenter size-large is-resized is-style-rounded\"><img loading=\"lazy\" decoding=\"async\" width=\"768\" height=\"1024\" src=\"https:\/\/honigglock.de\/de\/wp-content\/uploads\/2023\/08\/Wabe-768x1024.jpg\" alt=\"\" class=\"wp-image-83\" style=\"object-fit:cover;width:400px;height:400px\" srcset=\"https:\/\/honigglock.de\/de\/wp-content\/uploads\/2023\/08\/Wabe-768x1024.jpg 768w, https:\/\/honigglock.de\/de\/wp-content\/uploads\/2023\/08\/Wabe-scaled-600x800.jpg 600w, https:\/\/honigglock.de\/de\/wp-content\/uploads\/2023\/08\/Wabe-225x300.jpg 225w, https:\/\/honigglock.de\/de\/wp-content\/uploads\/2023\/08\/Wabe-1152x1536.jpg 1152w, https:\/\/honigglock.de\/de\/wp-content\/uploads\/2023\/08\/Wabe-1536x2048.jpg 1536w, https:\/\/honigglock.de\/de\/wp-content\/uploads\/2023\/08\/Wabe-2000x2666.jpg 2000w, https:\/\/honigglock.de\/de\/wp-content\/uploads\/2023\/08\/Wabe-scaled.jpg 1920w\" sizes=\"auto, (max-width: 768px) 100vw, 768px\" \/><\/figure>\n<\/div>\n<\/div>\n<\/div>\n\n\n\n<div class=\"wp-block-group alignfull is-layout-flow wp-block-group-is-layout-flow\">\n<div class=\"wp-block-columns are-vertically-aligned-center is-layout-flex wp-container-core-columns-is-layout-28f84493 wp-block-columns-is-layout-flex\">\n<div class=\"wp-block-column is-vertically-aligned-center is-layout-flow wp-block-column-is-layout-flow\">\n<div style=\"height:48px\" aria-hidden=\"true\" class=\"wp-block-spacer\"><\/div>\n\n\n\n<figure class=\"wp-block-image size-large is-resized is-style-rounded\"><img loading=\"lazy\" decoding=\"async\" width=\"576\" height=\"1024\" src=\"https:\/\/honigglock.de\/de\/wp-content\/uploads\/2023\/08\/20230801_162408-576x1024.jpg\" alt=\"\" class=\"wp-image-30\" style=\"object-fit:cover;width:400px;height:400px\" srcset=\"https:\/\/honigglock.de\/de\/wp-content\/uploads\/2023\/08\/20230801_162408-576x1024.jpg 576w, https:\/\/honigglock.de\/de\/wp-content\/uploads\/2023\/08\/20230801_162408-scaled-600x1067.jpg 600w, https:\/\/honigglock.de\/de\/wp-content\/uploads\/2023\/08\/20230801_162408-169x300.jpg 169w, https:\/\/honigglock.de\/de\/wp-content\/uploads\/2023\/08\/20230801_162408-768x1365.jpg 768w, https:\/\/honigglock.de\/de\/wp-content\/uploads\/2023\/08\/20230801_162408-864x1536.jpg 864w, https:\/\/honigglock.de\/de\/wp-content\/uploads\/2023\/08\/20230801_162408-1152x2048.jpg 1152w, https:\/\/honigglock.de\/de\/wp-content\/uploads\/2023\/08\/20230801_162408-2000x3556.jpg 2000w, https:\/\/honigglock.de\/de\/wp-content\/uploads\/2023\/08\/20230801_162408-scaled.jpg 1440w\" sizes=\"auto, (max-width: 576px) 100vw, 576px\" \/><\/figure>\n<\/div>\n\n\n\n<div class=\"wp-block-column is-vertically-aligned-center is-layout-flow wp-block-column-is-layout-flow\">\n<h2 class=\"wp-block-heading\">Unsere Sorten<\/h2>\n\n\n\n<p>Unsere verschiedenen Honigsorten werden alle von unseren eigenen Bienen gesammelt. Unser Honig entspricht h\u00f6chsten Qualit\u00e4tsanspr\u00fcchen. Er schmeckt nicht nur, sondern ist durch die individuell gemalten Etiketten auch ein Augenschmaus.<\/p>\n\n\n\n<div class=\"wp-block-buttons is-layout-flex wp-block-buttons-is-layout-flex\">\n<div class=\"wp-block-button is-style-outline is-style-outline--5\"><a class=\"wp-block-button__link wp-element-button\" href=\"https:\/\/honigglock.de\/de\/about\/\">Mehr<\/a><\/div>\n<\/div>\n<\/div>\n<\/div>\n<\/div>\n\n\n\n<div class=\"wp-block-group alignfull is-layout-flow wp-block-group-is-layout-flow\">\n<div class=\"wp-block-group alignfull has-background is-layout-flow wp-block-group-is-layout-flow\" style=\"background-color:#e5e9ec\">\n<div class=\"wp-block-columns is-layout-flex wp-container-core-columns-is-layout-28f84493 wp-block-columns-is-layout-flex\">\n<div class=\"wp-block-column is-vertically-aligned-center is-layout-flow wp-block-column-is-layout-flow\">\n<h2 class=\"wp-block-heading\">Events &#8211; Komm in unser Wohnzimmer<\/h2>\n\n\n\n<p>Du darfst dich auf einen gem\u00fctlichen und interessanten Abend freuen!<\/p>\n\n\n\n<ul class=\"wp-block-list\">\n<li>Honigsorten mit frisch gebackenem Brot kosten<\/li>\n\n\n\n<li>Eigene Kerze gie\u00dfen<\/li>\n\n\n\n<li>Schleuderraum besichtigen<\/li>\n\n\n\n<li>Wissenswertes direkt vom Imker<\/li>\n<\/ul>\n\n\n\n<div class=\"wp-block-buttons is-horizontal is-content-justification-left is-layout-flex wp-container-core-buttons-is-layout-20be11b6 wp-block-buttons-is-layout-flex\"><\/div>\n<\/div>\n\n\n\n<div class=\"wp-block-column is-layout-flow wp-block-column-is-layout-flow\">\n<div style=\"height:44px\" aria-hidden=\"true\" class=\"wp-block-spacer\"><\/div>\n\n\n\n<figure class=\"wp-block-image aligncenter size-large is-resized is-style-rounded\"><img loading=\"lazy\" decoding=\"async\" width=\"1024\" height=\"1024\" src=\"https:\/\/honigglock.de\/de\/wp-content\/uploads\/2024\/11\/Bild_Instagram-1-1024x1024.jpg\" alt=\"\" class=\"wp-image-721\" style=\"object-fit:cover;width:400px;height:400px\" srcset=\"https:\/\/honigglock.de\/de\/wp-content\/uploads\/2024\/11\/Bild_Instagram-1-1024x1024.jpg 1024w, https:\/\/honigglock.de\/de\/wp-content\/uploads\/2024\/11\/Bild_Instagram-1-300x300.jpg 300w, https:\/\/honigglock.de\/de\/wp-content\/uploads\/2024\/11\/Bild_Instagram-1-scaled-100x100.jpg 100w, https:\/\/honigglock.de\/de\/wp-content\/uploads\/2024\/11\/Bild_Instagram-1-scaled-600x600.jpg 600w, https:\/\/honigglock.de\/de\/wp-content\/uploads\/2024\/11\/Bild_Instagram-1-150x150.jpg 150w, https:\/\/honigglock.de\/de\/wp-content\/uploads\/2024\/11\/Bild_Instagram-1-768x768.jpg 768w, https:\/\/honigglock.de\/de\/wp-content\/uploads\/2024\/11\/Bild_Instagram-1-1536x1536.jpg 1536w, https:\/\/honigglock.de\/de\/wp-content\/uploads\/2024\/11\/Bild_Instagram-1-2048x2048.jpg 2048w, https:\/\/honigglock.de\/de\/wp-content\/uploads\/2024\/11\/Bild_Instagram-1-2000x2000.jpg 2000w\" sizes=\"auto, (max-width: 1024px) 100vw, 1024px\" \/><\/figure>\n<\/div>\n<\/div>\n<\/div>\n<\/div>\n\n\n\n<div class=\"wp-block-group alignfull has-black-background-color has-background is-layout-flow wp-block-group-is-layout-flow\">\n<h2 class=\"wp-block-heading has-text-align-center has-white-color has-text-color\"><\/h2>\n\n\n\n<figure class=\"wp-block-gallery aligncenter has-nested-images columns-default is-cropped wp-block-gallery-6 is-layout-flex wp-block-gallery-is-layout-flex\">\n<figure class=\"wp-block-image size-large\"><img loading=\"lazy\" decoding=\"async\" width=\"1024\" height=\"949\" data-id=\"73\" src=\"https:\/\/honigglock.de\/de\/wp-content\/uploads\/2023\/08\/Lwenzahn3_-1024x949.jpg\" alt=\"\" class=\"wp-image-73\" style=\"aspect-ratio:1;object-fit:cover\" srcset=\"https:\/\/honigglock.de\/de\/wp-content\/uploads\/2023\/08\/Lwenzahn3_-1024x949.jpg 1024w, https:\/\/honigglock.de\/de\/wp-content\/uploads\/2023\/08\/Lwenzahn3_-scaled-600x556.jpg 600w, https:\/\/honigglock.de\/de\/wp-content\/uploads\/2023\/08\/Lwenzahn3_-300x278.jpg 300w, https:\/\/honigglock.de\/de\/wp-content\/uploads\/2023\/08\/Lwenzahn3_-768x712.jpg 768w, https:\/\/honigglock.de\/de\/wp-content\/uploads\/2023\/08\/Lwenzahn3_-1536x1423.jpg 1536w, https:\/\/honigglock.de\/de\/wp-content\/uploads\/2023\/08\/Lwenzahn3_-2048x1898.jpg 2048w, https:\/\/honigglock.de\/de\/wp-content\/uploads\/2023\/08\/Lwenzahn3_-2000x1853.jpg 2000w\" sizes=\"auto, (max-width: 1024px) 100vw, 1024px\" \/><\/figure>\n\n\n\n<figure class=\"wp-block-image size-large\"><img loading=\"lazy\" decoding=\"async\" width=\"1024\" height=\"1024\" data-id=\"746\" src=\"https:\/\/honigglock.de\/de\/wp-content\/uploads\/2024\/11\/Papa-Opa-Tim_PNG-Quadratisch-1-1024x1024.png\" alt=\"\" class=\"wp-image-746\" srcset=\"https:\/\/honigglock.de\/de\/wp-content\/uploads\/2024\/11\/Papa-Opa-Tim_PNG-Quadratisch-1-1024x1024.png 1024w, https:\/\/honigglock.de\/de\/wp-content\/uploads\/2024\/11\/Papa-Opa-Tim_PNG-Quadratisch-1-300x300.png 300w, https:\/\/honigglock.de\/de\/wp-content\/uploads\/2024\/11\/Papa-Opa-Tim_PNG-Quadratisch-1-100x100.png 100w, https:\/\/honigglock.de\/de\/wp-content\/uploads\/2024\/11\/Papa-Opa-Tim_PNG-Quadratisch-1-600x600.png 600w, https:\/\/honigglock.de\/de\/wp-content\/uploads\/2024\/11\/Papa-Opa-Tim_PNG-Quadratisch-1-150x150.png 150w, https:\/\/honigglock.de\/de\/wp-content\/uploads\/2024\/11\/Papa-Opa-Tim_PNG-Quadratisch-1-768x768.png 768w, https:\/\/honigglock.de\/de\/wp-content\/uploads\/2024\/11\/Papa-Opa-Tim_PNG-Quadratisch-1-1536x1536.png 1536w, https:\/\/honigglock.de\/de\/wp-content\/uploads\/2024\/11\/Papa-Opa-Tim_PNG-Quadratisch-1-2048x2048.png 2048w, https:\/\/honigglock.de\/de\/wp-content\/uploads\/2024\/11\/Papa-Opa-Tim_PNG-Quadratisch-1-2000x1999.png 2000w\" sizes=\"auto, (max-width: 1024px) 100vw, 1024px\" \/><\/figure>\n\n\n\n<figure class=\"wp-block-image size-large\"><img loading=\"lazy\" decoding=\"async\" width=\"1024\" height=\"768\" data-id=\"71\" src=\"https:\/\/honigglock.de\/de\/wp-content\/uploads\/2023\/08\/Frhjahrsblumen_-1024x768.jpg\" alt=\"\" class=\"wp-image-71\" srcset=\"https:\/\/honigglock.de\/de\/wp-content\/uploads\/2023\/08\/Frhjahrsblumen_-1024x768.jpg 1024w, https:\/\/honigglock.de\/de\/wp-content\/uploads\/2023\/08\/Frhjahrsblumen_-scaled-600x450.jpg 600w, https:\/\/honigglock.de\/de\/wp-content\/uploads\/2023\/08\/Frhjahrsblumen_-300x225.jpg 300w, https:\/\/honigglock.de\/de\/wp-content\/uploads\/2023\/08\/Frhjahrsblumen_-768x576.jpg 768w, https:\/\/honigglock.de\/de\/wp-content\/uploads\/2023\/08\/Frhjahrsblumen_-1536x1152.jpg 1536w, https:\/\/honigglock.de\/de\/wp-content\/uploads\/2023\/08\/Frhjahrsblumen_-2048x1536.jpg 2048w, https:\/\/honigglock.de\/de\/wp-content\/uploads\/2023\/08\/Frhjahrsblumen_-2000x1500.jpg 2000w\" sizes=\"auto, (max-width: 1024px) 100vw, 1024px\" \/><\/figure>\n<\/figure>\n\n\n\n<div class=\"wp-block-group has-global-padding is-layout-constrained wp-block-group-is-layout-constrained\">\n<figure class=\"wp-block-gallery aligncenter has-nested-images columns-default is-cropped wp-block-gallery-7 is-layout-flex wp-block-gallery-is-layout-flex\">\n<figure class=\"wp-block-image size-large\"><img loading=\"lazy\" decoding=\"async\" width=\"1024\" height=\"1024\" data-id=\"653\" src=\"https:\/\/honigglock.de\/de\/wp-content\/uploads\/2024\/09\/20240916_202923-1024x1024.jpg\" alt=\"\" class=\"wp-image-653\" srcset=\"https:\/\/honigglock.de\/de\/wp-content\/uploads\/2024\/09\/20240916_202923-1024x1024.jpg 1024w, https:\/\/honigglock.de\/de\/wp-content\/uploads\/2024\/09\/20240916_202923-300x300.jpg 300w, https:\/\/honigglock.de\/de\/wp-content\/uploads\/2024\/09\/20240916_202923-scaled-100x100.jpg 100w, https:\/\/honigglock.de\/de\/wp-content\/uploads\/2024\/09\/20240916_202923-scaled-600x600.jpg 600w, https:\/\/honigglock.de\/de\/wp-content\/uploads\/2024\/09\/20240916_202923-150x150.jpg 150w, https:\/\/honigglock.de\/de\/wp-content\/uploads\/2024\/09\/20240916_202923-768x768.jpg 768w, https:\/\/honigglock.de\/de\/wp-content\/uploads\/2024\/09\/20240916_202923-1536x1536.jpg 1536w, https:\/\/honigglock.de\/de\/wp-content\/uploads\/2024\/09\/20240916_202923-2048x2048.jpg 2048w, https:\/\/honigglock.de\/de\/wp-content\/uploads\/2024\/09\/20240916_202923-2000x2000.jpg 2000w\" sizes=\"auto, (max-width: 1024px) 100vw, 1024px\" \/><\/figure>\n\n\n\n<figure class=\"wp-block-image size-large\"><img loading=\"lazy\" decoding=\"async\" width=\"1024\" height=\"576\" data-id=\"13\" src=\"https:\/\/honigglock.de\/de\/wp-content\/uploads\/2023\/08\/250-Gramm-Sortiment-Original-1024x576.jpg\" alt=\"\" class=\"wp-image-13\" style=\"aspect-ratio:1;object-fit:cover\" srcset=\"https:\/\/honigglock.de\/de\/wp-content\/uploads\/2023\/08\/250-Gramm-Sortiment-Original-1024x576.jpg 1024w, https:\/\/honigglock.de\/de\/wp-content\/uploads\/2023\/08\/250-Gramm-Sortiment-Original-scaled-600x338.jpg 600w, https:\/\/honigglock.de\/de\/wp-content\/uploads\/2023\/08\/250-Gramm-Sortiment-Original-300x169.jpg 300w, https:\/\/honigglock.de\/de\/wp-content\/uploads\/2023\/08\/250-Gramm-Sortiment-Original-768x432.jpg 768w, https:\/\/honigglock.de\/de\/wp-content\/uploads\/2023\/08\/250-Gramm-Sortiment-Original-1536x864.jpg 1536w, https:\/\/honigglock.de\/de\/wp-content\/uploads\/2023\/08\/250-Gramm-Sortiment-Original-2048x1152.jpg 2048w, https:\/\/honigglock.de\/de\/wp-content\/uploads\/2023\/08\/250-Gramm-Sortiment-Original-2000x1125.jpg 2000w\" sizes=\"auto, (max-width: 1024px) 100vw, 1024px\" \/><\/figure>\n\n\n\n<figure class=\"wp-block-image size-large\"><img loading=\"lazy\" decoding=\"async\" width=\"961\" height=\"1024\" data-id=\"505\" src=\"https:\/\/honigglock.de\/de\/wp-content\/uploads\/2024\/08\/Mama-961x1024.jpg\" alt=\"\" class=\"wp-image-505\" srcset=\"https:\/\/honigglock.de\/de\/wp-content\/uploads\/2024\/08\/Mama-961x1024.jpg 961w, https:\/\/honigglock.de\/de\/wp-content\/uploads\/2024\/08\/Mama-600x639.jpg 600w, https:\/\/honigglock.de\/de\/wp-content\/uploads\/2024\/08\/Mama-281x300.jpg 281w, https:\/\/honigglock.de\/de\/wp-content\/uploads\/2024\/08\/Mama-768x819.jpg 768w, https:\/\/honigglock.de\/de\/wp-content\/uploads\/2024\/08\/Mama-1441x1536.jpg 1441w, https:\/\/honigglock.de\/de\/wp-content\/uploads\/2024\/08\/Mama-1922x2048.jpg 1922w, https:\/\/honigglock.de\/de\/wp-content\/uploads\/2024\/08\/Mama-2000x2132.jpg 2000w\" sizes=\"auto, (max-width: 961px) 100vw, 961px\" \/><\/figure>\n<\/figure>\n<\/div>\n<\/div>\n\n\n\n<div class=\"wp-block-cover alignfull has-parallax is-position-center-center\" style=\"min-height:375px;aspect-ratio:unset;\"><div class=\"wp-block-cover__image-background wp-image-24 has-parallax\" style=\"background-position:50% 50%;background-image:url(https:\/\/honigglock.de\/de\/wp-content\/themes\/inspiro\/assets\/images\/StockSnap_89BQZ89TLH.jpg)\"><\/div><span aria-hidden=\"true\" class=\"wp-block-cover__background has-black-background-color has-background-dim-40 has-background-dim\"><\/span><div class=\"wp-block-cover__inner-container is-layout-flow wp-block-cover-is-layout-flow\">\n<p class=\"has-text-align-center has-text-color has-huge-font-size\" style=\"color:#fffffa;line-height:1.1\"><\/p>\n\n\n\n<div class=\"wp-block-buttons is-content-justification-center is-layout-flex wp-container-core-buttons-is-layout-a89b3969 wp-block-buttons-is-layout-flex\"><\/div>\n<\/div><\/div>\n","protected":false},"excerpt":{"rendered":"<p>Adventsverkauf &#8211; Tannenb\u00e4ume und Honig Weihnachtsb\u00e4ume frisch geschlagen. Direkt ab Hof. Bereits im Jahr 1919 best\u00e4ubten die Bienen unseres Gro\u00dfvaters die Obstbl\u00fcten in Stuttgart-Rohracker. Seither halten wir die Bienen nunmehr in der dritten Generation. In dieser Zeitspanne gab es manche R\u00fcckschl\u00e4ge und viele Ver\u00e4nderungen, doch die Faszination und die Leidenschaft an diesem Hobby ist geblieben. &hellip; <\/p>\n<p class=\"link-more\"><a href=\"https:\/\/honigglock.de\/de\/\" class=\"more-link\">Mehr <span class=\"screen-reader-text\">\u00fcber &#8220;Die Imkerei ist bei uns ein Familienwerk.&#8221; <\/span>Lesen<\/a><\/p>\n","protected":false},"author":1,"featured_media":81,"parent":0,"menu_order":0,"comment_status":"closed","ping_status":"closed","template":"","meta":{"inspiro_hide_title":false,"footnotes":""},"class_list":["post-7","page","type-page","status-publish","has-post-thumbnail","hentry"],"_links":{"self":[{"href":"https:\/\/honigglock.de\/de\/wp-json\/wp\/v2\/pages\/7","targetHints":{"allow":["GET"]}}],"collection":[{"href":"https:\/\/honigglock.de\/de\/wp-json\/wp\/v2\/pages"}],"about":[{"href":"https:\/\/honigglock.de\/de\/wp-json\/wp\/v2\/types\/page"}],"author":[{"embeddable":true,"href":"https:\/\/honigglock.de\/de\/wp-json\/wp\/v2\/users\/1"}],"replies":[{"embeddable":true,"href":"https:\/\/honigglock.de\/de\/wp-json\/wp\/v2\/comments?post=7"}],"version-history":[{"count":122,"href":"https:\/\/honigglock.de\/de\/wp-json\/wp\/v2\/pages\/7\/revisions"}],"predecessor-version":[{"id":869,"href":"https:\/\/honigglock.de\/de\/wp-json\/wp\/v2\/pages\/7\/revisions\/869"}],"wp:featuredmedia":[{"embeddable":true,"href":"https:\/\/honigglock.de\/de\/wp-json\/wp\/v2\/media\/81"}],"wp:attachment":[{"href":"https:\/\/honigglock.de\/de\/wp-json\/wp\/v2\/media?parent=7"}],"curies":[{"name":"wp","href":"https:\/\/api.w.org\/{rel}","templated":true}]}}