{"id":522,"date":"2024-08-09T12:58:19","date_gmt":"2024-08-09T12:58:19","guid":{"rendered":"https:\/\/honigglock.de\/de\/?page_id=522"},"modified":"2024-11-27T19:46:12","modified_gmt":"2024-11-27T19:46:12","slug":"honigautomat","status":"publish","type":"page","link":"https:\/\/honigglock.de\/de\/honigautomat\/","title":{"rendered":"Honigautomat"},"content":{"rendered":"\n<div class=\"wp-block-columns is-layout-flex wp-container-core-columns-is-layout-28f84493 wp-block-columns-is-layout-flex\">\n<div class=\"wp-block-column is-layout-flow wp-block-column-is-layout-flow\" style=\"flex-basis:450px\">\n<div style=\"height:32px\" aria-hidden=\"true\" class=\"wp-block-spacer\"><\/div>\n\n\n\n<figure class=\"wp-block-gallery has-nested-images columns-default is-cropped wp-block-gallery-2 is-layout-flex wp-block-gallery-is-layout-flex\">\n<figure class=\"wp-block-image alignfull size-large is-style-rounded wp-duotone-unset-1\"><img loading=\"lazy\" decoding=\"async\" width=\"1024\" height=\"1024\" data-id=\"807\" src=\"https:\/\/honigglock.de\/de\/wp-content\/uploads\/2024\/11\/WhatsApp-Image-2024-11-27-at-20.21.01-1024x1024.jpeg\" alt=\"\" class=\"wp-image-807\" srcset=\"https:\/\/honigglock.de\/de\/wp-content\/uploads\/2024\/11\/WhatsApp-Image-2024-11-27-at-20.21.01-1024x1024.jpeg 1024w, https:\/\/honigglock.de\/de\/wp-content\/uploads\/2024\/11\/WhatsApp-Image-2024-11-27-at-20.21.01-300x300.jpeg 300w, https:\/\/honigglock.de\/de\/wp-content\/uploads\/2024\/11\/WhatsApp-Image-2024-11-27-at-20.21.01-scaled-100x100.jpeg 100w, https:\/\/honigglock.de\/de\/wp-content\/uploads\/2024\/11\/WhatsApp-Image-2024-11-27-at-20.21.01-scaled-600x600.jpeg 600w, https:\/\/honigglock.de\/de\/wp-content\/uploads\/2024\/11\/WhatsApp-Image-2024-11-27-at-20.21.01-150x150.jpeg 150w, https:\/\/honigglock.de\/de\/wp-content\/uploads\/2024\/11\/WhatsApp-Image-2024-11-27-at-20.21.01-768x768.jpeg 768w, https:\/\/honigglock.de\/de\/wp-content\/uploads\/2024\/11\/WhatsApp-Image-2024-11-27-at-20.21.01-1536x1536.jpeg 1536w, https:\/\/honigglock.de\/de\/wp-content\/uploads\/2024\/11\/WhatsApp-Image-2024-11-27-at-20.21.01-2048x2048.jpeg 2048w, https:\/\/honigglock.de\/de\/wp-content\/uploads\/2024\/11\/WhatsApp-Image-2024-11-27-at-20.21.01-2000x2000.jpeg 2000w\" sizes=\"auto, (max-width: 1024px) 100vw, 1024px\" \/><\/figure>\n<\/figure>\n<\/div>\n\n\n\n<div class=\"wp-block-column is-layout-flow wp-block-column-is-layout-flow\">\n<p><\/p>\n\n\n\n<p><\/p>\n\n\n\n<p class=\"has-text-align-left\">Unser Verkaufsautomat ist f\u00fcr Sie rund ums Jahr ge\u00f6ffnet. <\/p>\n\n\n\n<p>Der Honigautomat nimmt ausschlie\u00dflich Bargeld bis 20\u20ac an und gibt R\u00fcckgeld.<\/p>\n\n\n\n<p>Alle unsere <a href=\"https:\/\/honigglock.de\/de\/about\/\" data-type=\"link\" data-id=\"https:\/\/honigglock.de\/de\/about\/\">Honigsorten<\/a> sind im 500g Glas verf\u00fcgbar. Zudem ist eine Auswahl an 250g Gl\u00e4sern, Geschenksets und Kerzen verf\u00fcgbar.<\/p>\n\n\n\n<p>Parkm\u00f6glichkeiten sind jederzeit vorhanden. <\/p>\n\n\n\n<p>D\u00fcrrbachstr.54, 70329 Stuttgart<\/p>\n\n\n\n<div class=\"wp-block-buttons is-layout-flex wp-block-buttons-is-layout-flex\">\n<div class=\"wp-block-button\"><a class=\"wp-block-button__link wp-element-button\" href=\"https:\/\/maps.app.goo.gl\/n14iQu8AzMtveBTS7\">Navigation<\/a><\/div>\n<\/div>\n<\/div>\n<\/div>\n\n\n\n<div class=\"wp-block-group alignfull has-background is-layout-flow wp-block-group-is-layout-flow\" style=\"background-color:#e5e9ec\">\n<div style=\"height:10px\" aria-hidden=\"true\" class=\"wp-block-spacer\"><\/div>\n\n\n\n<div class=\"wp-block-columns is-layout-flex wp-container-core-columns-is-layout-28f84493 wp-block-columns-is-layout-flex\">\n<div class=\"wp-block-column is-layout-flow wp-block-column-is-layout-flow\">\n<div class=\"wp-block-columns is-layout-flex wp-container-core-columns-is-layout-28f84493 wp-block-columns-is-layout-flex\">\n<div class=\"wp-block-column is-vertically-aligned-center is-layout-flow wp-block-column-is-layout-flow\">\n<div class=\"wp-block-columns is-layout-flex wp-container-core-columns-is-layout-28f84493 wp-block-columns-is-layout-flex\">\n<div class=\"wp-block-column is-layout-flow wp-block-column-is-layout-flow\"><\/div>\n<\/div>\n\n\n\n<div class=\"wp-block-columns is-layout-flex wp-container-core-columns-is-layout-28f84493 wp-block-columns-is-layout-flex\">\n<div class=\"wp-block-column is-layout-flow wp-block-column-is-layout-flow\" style=\"flex-basis:180px\"><\/div>\n\n\n\n<div class=\"wp-block-column is-layout-flow wp-block-column-is-layout-flow\">\n<iframe src=\"https:\/\/www.google.com\/maps\/embed?pb=!1m18!1m12!1m3!1d2630.0891205600174!2d9.232314676692173!3d48.76109437131916!2m3!1f0!2f0!3f0!3m2!1i1024!2i768!4f13.1!3m3!1m2!1s0x4799c47ca45dda1b%3A0x539d64e664c7b0a4!2sHonig%20Glock%2C%20Verkaufsautomat%2C%20Imkerei!5e0!3m2!1sde!2sde!4v1723208586558!5m2!1sde!2sde\" width=\"600\" height=\"450\" style=\"border:0;\" allowfullscreen=\"\" loading=\"lazy\" referrerpolicy=\"no-referrer-when-downgrade\"><\/iframe>\n<\/div>\n\n\n\n<div class=\"wp-block-column is-vertically-aligned-center is-layout-flow wp-block-column-is-layout-flow\" style=\"flex-basis:70px\"><\/div>\n<\/div>\n<\/div>\n<\/div>\n<\/div>\n<\/div>\n<\/div>\n\n\n\n<div class=\"wp-block-group alignfull has-black-background-color has-background is-layout-flow wp-block-group-is-layout-flow\">\n<h2 class=\"wp-block-heading has-text-align-center has-white-color has-text-color\"><\/h2>\n\n\n\n<figure class=\"wp-block-gallery aligncenter has-nested-images columns-default is-cropped wp-block-gallery-3 is-layout-flex wp-block-gallery-is-layout-flex\">\n<figure class=\"wp-block-image size-large is-style-default\"><img loading=\"lazy\" decoding=\"async\" width=\"577\" height=\"1024\" data-id=\"350\" src=\"https:\/\/honigglock.de\/de\/wp-content\/uploads\/2023\/12\/20231210_101517-577x1024.jpg\" alt=\"\" class=\"wp-image-350\" style=\"aspect-ratio:1;object-fit:cover\" srcset=\"https:\/\/honigglock.de\/de\/wp-content\/uploads\/2023\/12\/20231210_101517-577x1024.jpg 577w, https:\/\/honigglock.de\/de\/wp-content\/uploads\/2023\/12\/20231210_101517-scaled-600x1065.jpg 600w, https:\/\/honigglock.de\/de\/wp-content\/uploads\/2023\/12\/20231210_101517-169x300.jpg 169w, https:\/\/honigglock.de\/de\/wp-content\/uploads\/2023\/12\/20231210_101517-768x1364.jpg 768w, https:\/\/honigglock.de\/de\/wp-content\/uploads\/2023\/12\/20231210_101517-865x1536.jpg 865w, https:\/\/honigglock.de\/de\/wp-content\/uploads\/2023\/12\/20231210_101517-1153x2048.jpg 1153w, https:\/\/honigglock.de\/de\/wp-content\/uploads\/2023\/12\/20231210_101517-2000x3551.jpg 2000w, https:\/\/honigglock.de\/de\/wp-content\/uploads\/2023\/12\/20231210_101517-scaled.jpg 1442w\" sizes=\"auto, (max-width: 577px) 100vw, 577px\" \/><\/figure>\n\n\n\n<figure class=\"wp-block-image size-large\"><img loading=\"lazy\" decoding=\"async\" width=\"1024\" height=\"577\" data-id=\"329\" src=\"https:\/\/honigglock.de\/de\/wp-content\/uploads\/2023\/12\/20221215_151643-1024x577.jpg\" alt=\"\" class=\"wp-image-329\" srcset=\"https:\/\/honigglock.de\/de\/wp-content\/uploads\/2023\/12\/20221215_151643-1024x577.jpg 1024w, https:\/\/honigglock.de\/de\/wp-content\/uploads\/2023\/12\/20221215_151643-scaled-600x338.jpg 600w, https:\/\/honigglock.de\/de\/wp-content\/uploads\/2023\/12\/20221215_151643-300x169.jpg 300w, https:\/\/honigglock.de\/de\/wp-content\/uploads\/2023\/12\/20221215_151643-768x432.jpg 768w, https:\/\/honigglock.de\/de\/wp-content\/uploads\/2023\/12\/20221215_151643-1536x865.jpg 1536w, https:\/\/honigglock.de\/de\/wp-content\/uploads\/2023\/12\/20221215_151643-2048x1153.jpg 2048w, https:\/\/honigglock.de\/de\/wp-content\/uploads\/2023\/12\/20221215_151643-2000x1126.jpg 2000w\" sizes=\"auto, (max-width: 1024px) 100vw, 1024px\" \/><\/figure>\n\n\n\n<figure class=\"wp-block-image size-large\"><img loading=\"lazy\" decoding=\"async\" width=\"577\" height=\"1024\" data-id=\"362\" src=\"https:\/\/honigglock.de\/de\/wp-content\/uploads\/2023\/12\/20230605_210137-1-577x1024.jpg\" alt=\"\" class=\"wp-image-362\" srcset=\"https:\/\/honigglock.de\/de\/wp-content\/uploads\/2023\/12\/20230605_210137-1-577x1024.jpg 577w, https:\/\/honigglock.de\/de\/wp-content\/uploads\/2023\/12\/20230605_210137-1-scaled-600x1065.jpg 600w, https:\/\/honigglock.de\/de\/wp-content\/uploads\/2023\/12\/20230605_210137-1-169x300.jpg 169w, https:\/\/honigglock.de\/de\/wp-content\/uploads\/2023\/12\/20230605_210137-1-768x1364.jpg 768w, https:\/\/honigglock.de\/de\/wp-content\/uploads\/2023\/12\/20230605_210137-1-865x1536.jpg 865w, https:\/\/honigglock.de\/de\/wp-content\/uploads\/2023\/12\/20230605_210137-1-1153x2048.jpg 1153w, https:\/\/honigglock.de\/de\/wp-content\/uploads\/2023\/12\/20230605_210137-1-2000x3551.jpg 2000w, https:\/\/honigglock.de\/de\/wp-content\/uploads\/2023\/12\/20230605_210137-1-scaled.jpg 1442w\" sizes=\"auto, (max-width: 577px) 100vw, 577px\" \/><\/figure>\n<\/figure>\n\n\n\n<div class=\"wp-block-group has-global-padding is-layout-constrained wp-block-group-is-layout-constrained\">\n<figure class=\"wp-block-gallery aligncenter has-nested-images columns-default is-cropped wp-block-gallery-4 is-layout-flex wp-block-gallery-is-layout-flex\">\n<figure class=\"wp-block-image size-large\"><img loading=\"lazy\" decoding=\"async\" width=\"577\" height=\"1024\" data-id=\"364\" src=\"https:\/\/honigglock.de\/de\/wp-content\/uploads\/2023\/12\/20230605_212539-1-577x1024.jpg\" alt=\"\" class=\"wp-image-364\" style=\"aspect-ratio:1;object-fit:cover\" srcset=\"https:\/\/honigglock.de\/de\/wp-content\/uploads\/2023\/12\/20230605_212539-1-577x1024.jpg 577w, https:\/\/honigglock.de\/de\/wp-content\/uploads\/2023\/12\/20230605_212539-1-scaled-600x1065.jpg 600w, https:\/\/honigglock.de\/de\/wp-content\/uploads\/2023\/12\/20230605_212539-1-169x300.jpg 169w, https:\/\/honigglock.de\/de\/wp-content\/uploads\/2023\/12\/20230605_212539-1-768x1364.jpg 768w, https:\/\/honigglock.de\/de\/wp-content\/uploads\/2023\/12\/20230605_212539-1-865x1536.jpg 865w, https:\/\/honigglock.de\/de\/wp-content\/uploads\/2023\/12\/20230605_212539-1-1153x2048.jpg 1153w, https:\/\/honigglock.de\/de\/wp-content\/uploads\/2023\/12\/20230605_212539-1-2000x3551.jpg 2000w, https:\/\/honigglock.de\/de\/wp-content\/uploads\/2023\/12\/20230605_212539-1-scaled.jpg 1442w\" sizes=\"auto, (max-width: 577px) 100vw, 577px\" \/><\/figure>\n\n\n\n<figure class=\"wp-block-image size-large\"><img loading=\"lazy\" decoding=\"async\" width=\"768\" height=\"1024\" data-id=\"358\" src=\"https:\/\/honigglock.de\/de\/wp-content\/uploads\/2023\/12\/20230515_093909-1-768x1024.jpg\" alt=\"\" class=\"wp-image-358\" srcset=\"https:\/\/honigglock.de\/de\/wp-content\/uploads\/2023\/12\/20230515_093909-1-768x1024.jpg 768w, https:\/\/honigglock.de\/de\/wp-content\/uploads\/2023\/12\/20230515_093909-1-scaled-600x800.jpg 600w, https:\/\/honigglock.de\/de\/wp-content\/uploads\/2023\/12\/20230515_093909-1-225x300.jpg 225w, https:\/\/honigglock.de\/de\/wp-content\/uploads\/2023\/12\/20230515_093909-1-1152x1536.jpg 1152w, https:\/\/honigglock.de\/de\/wp-content\/uploads\/2023\/12\/20230515_093909-1-1536x2048.jpg 1536w, https:\/\/honigglock.de\/de\/wp-content\/uploads\/2023\/12\/20230515_093909-1-2000x2667.jpg 2000w, https:\/\/honigglock.de\/de\/wp-content\/uploads\/2023\/12\/20230515_093909-1-scaled.jpg 1920w\" sizes=\"auto, (max-width: 768px) 100vw, 768px\" \/><\/figure>\n\n\n\n<figure class=\"wp-block-image size-large\"><img loading=\"lazy\" decoding=\"async\" width=\"576\" height=\"1024\" data-id=\"369\" src=\"https:\/\/honigglock.de\/de\/wp-content\/uploads\/2023\/12\/20230914_194105-576x1024.jpg\" alt=\"\" class=\"wp-image-369\" srcset=\"https:\/\/honigglock.de\/de\/wp-content\/uploads\/2023\/12\/20230914_194105-576x1024.jpg 576w, https:\/\/honigglock.de\/de\/wp-content\/uploads\/2023\/12\/20230914_194105-scaled-600x1067.jpg 600w, https:\/\/honigglock.de\/de\/wp-content\/uploads\/2023\/12\/20230914_194105-169x300.jpg 169w, https:\/\/honigglock.de\/de\/wp-content\/uploads\/2023\/12\/20230914_194105-768x1365.jpg 768w, https:\/\/honigglock.de\/de\/wp-content\/uploads\/2023\/12\/20230914_194105-864x1536.jpg 864w, https:\/\/honigglock.de\/de\/wp-content\/uploads\/2023\/12\/20230914_194105-1152x2048.jpg 1152w, https:\/\/honigglock.de\/de\/wp-content\/uploads\/2023\/12\/20230914_194105-2000x3556.jpg 2000w, https:\/\/honigglock.de\/de\/wp-content\/uploads\/2023\/12\/20230914_194105-scaled.jpg 1440w\" sizes=\"auto, (max-width: 576px) 100vw, 576px\" \/><\/figure>\n<\/figure>\n<\/div>\n<\/div>\n\n\n\n<div class=\"wp-block-cover alignfull has-parallax is-position-center-center\" style=\"min-height:375px;aspect-ratio:unset;\"><span aria-hidden=\"true\" class=\"wp-block-cover__background has-black-background-color has-background-dim-40 has-background-dim\"><\/span><div class=\"wp-block-cover__image-background wp-image-24 has-parallax\" style=\"background-position:50% 50%;background-image:url(https:\/\/honigglock.de\/de\/wp-content\/themes\/inspiro\/assets\/images\/StockSnap_89BQZ89TLH.jpg)\"><\/div><div class=\"wp-block-cover__inner-container is-layout-flow wp-block-cover-is-layout-flow\">\n<p class=\"has-text-align-center has-text-color has-huge-font-size\" style=\"color:#fffffa;line-height:1.1\">Kontakt zum Team.<\/p>\n\n\n\n<div class=\"wp-block-buttons is-content-justification-center is-layout-flex wp-container-core-buttons-is-layout-a89b3969 wp-block-buttons-is-layout-flex\">\n<div class=\"wp-block-button has-custom-font-size is-style-outline has-medium-font-size is-style-outline--5\"><a class=\"wp-block-button__link wp-element-button\" href=\"https:\/\/honigglock.de\/de\/kontakt\/\" style=\"border-radius:100px\">Kontakt<\/a><\/div>\n<\/div>\n<\/div><\/div>\n\n\n\n<p><\/p>\n","protected":false},"excerpt":{"rendered":"<p>Unser Verkaufsautomat ist f\u00fcr Sie rund ums Jahr ge\u00f6ffnet. Der Honigautomat nimmt ausschlie\u00dflich Bargeld bis 20\u20ac an und gibt R\u00fcckgeld. Alle unsere Honigsorten sind im 500g Glas verf\u00fcgbar. Zudem ist eine Auswahl an 250g Gl\u00e4sern, Geschenksets und Kerzen verf\u00fcgbar. Parkm\u00f6glichkeiten sind jederzeit vorhanden. D\u00fcrrbachstr.54, 70329 Stuttgart<\/p>\n","protected":false},"author":1,"featured_media":354,"parent":0,"menu_order":0,"comment_status":"closed","ping_status":"closed","template":"","meta":{"inspiro_hide_title":false,"footnotes":""},"class_list":["post-522","page","type-page","status-publish","has-post-thumbnail","hentry"],"_links":{"self":[{"href":"https:\/\/honigglock.de\/de\/wp-json\/wp\/v2\/pages\/522","targetHints":{"allow":["GET"]}}],"collection":[{"href":"https:\/\/honigglock.de\/de\/wp-json\/wp\/v2\/pages"}],"about":[{"href":"https:\/\/honigglock.de\/de\/wp-json\/wp\/v2\/types\/page"}],"author":[{"embeddable":true,"href":"https:\/\/honigglock.de\/de\/wp-json\/wp\/v2\/users\/1"}],"replies":[{"embeddable":true,"href":"https:\/\/honigglock.de\/de\/wp-json\/wp\/v2\/comments?post=522"}],"version-history":[{"count":45,"href":"https:\/\/honigglock.de\/de\/wp-json\/wp\/v2\/pages\/522\/revisions"}],"predecessor-version":[{"id":812,"href":"https:\/\/honigglock.de\/de\/wp-json\/wp\/v2\/pages\/522\/revisions\/812"}],"wp:featuredmedia":[{"embeddable":true,"href":"https:\/\/honigglock.de\/de\/wp-json\/wp\/v2\/media\/354"}],"wp:attachment":[{"href":"https:\/\/honigglock.de\/de\/wp-json\/wp\/v2\/media?parent=522"}],"curies":[{"name":"wp","href":"https:\/\/api.w.org\/{rel}","templated":true}]}}