{"id":2,"date":"2023-08-09T19:42:43","date_gmt":"2023-08-09T19:42:43","guid":{"rendered":"https:\/\/honigglock.de\/de\/?page_id=2"},"modified":"2024-09-22T20:08:20","modified_gmt":"2024-09-22T20:08:20","slug":"sample-page","status":"publish","type":"page","link":"https:\/\/honigglock.de\/de\/sample-page\/","title":{"rendered":"Firmenkunden"},"content":{"rendered":"\n<p>Sie suchen ein regionales, nachhaltiges Weihnachtsgeschenk f\u00fcr Ihre Mitarbeiter? Oder wollen Ihren G\u00e4sten auf Ihrer Hochzeit ein individuelles Gastgeschenk f\u00fcr Ihren Fr\u00fchst\u00fcckstisch mitgeben?<\/p>\n\n\n\n<p>Dann sind Sie bei uns mit unserem Honig, einem Geschenk der Natur, genau richtig!<\/p>\n\n\n\n<p>Wir sind f\u00fcr alle Ihre W\u00fcnsche und Ideen offen. Gerne w\u00e4hlen sie aus unseren verschiedenen Honigsorten und Glasgr\u00f6\u00dfen aus oder wir bef\u00fcllen Ihr individuelles Glas.<\/p>\n\n\n\n<p>Besonders interessant k\u00f6nnte f\u00fcr Sie sein, dass wir Ihre pers\u00f6nlichen Etikettierungsw\u00fcnsche ber\u00fccksichtigen k\u00f6nnen.<\/p>\n\n\n\n<p>Wir freuen uns von Ihnen zu h\u00f6ren!<\/p>\n\n\n\n<div class=\"wp-block-group alignfull has-background has-medium-font-size has-global-padding is-layout-constrained wp-block-group-is-layout-constrained\" style=\"background-color:#e5e9ec;padding-top:var(--wp--preset--spacing--small);padding-bottom:var(--wp--preset--spacing--small)\">\n<div class=\"wp-block-columns is-layout-flex wp-container-core-columns-is-layout-28f84493 wp-block-columns-is-layout-flex\">\n<div class=\"wp-block-column is-vertically-aligned-center is-layout-flow wp-block-column-is-layout-flow\">\n<div class=\"wp-block-group has-global-padding is-layout-constrained wp-block-group-is-layout-constrained\">\n<div class=\"wp-block-columns is-layout-flex wp-container-core-columns-is-layout-28f84493 wp-block-columns-is-layout-flex\">\n<div class=\"wp-block-column is-layout-flow wp-block-column-is-layout-flow\">\n<div style=\"height:9px\" aria-hidden=\"true\" class=\"wp-block-spacer\"><\/div>\n<\/div>\n<\/div>\n<\/div>\n\n\n\n<div class=\"wp-block-buttons alignwide is-horizontal is-content-justification-left is-layout-flex wp-container-core-buttons-is-layout-20be11b6 wp-block-buttons-is-layout-flex\">\n<div class=\"wp-block-button has-custom-width wp-block-button__width-50 has-custom-font-size is-style-fill has-medium-font-size\"><a class=\"wp-block-button__link has-black-background-color has-background wp-element-button\" href=\"tel: 0711425126\">Telefon<\/a><\/div>\n\n\n\n<div class=\"wp-block-button has-custom-width wp-block-button__width-50 has-custom-font-size is-style-fill has-medium-font-size\"><a class=\"wp-block-button__link has-black-background-color has-background wp-element-button\" href=\"mailto: kontakt@honigglock.de\">Mail<\/a><\/div>\n<\/div>\n\n\n\n<div style=\"height:42px\" aria-hidden=\"true\" class=\"wp-block-spacer\"><\/div>\n<\/div>\n<\/div>\n<\/div>\n\n\n\n<figure class=\"wp-block-gallery has-nested-images columns-default is-cropped wp-block-gallery-1 is-layout-flex wp-block-gallery-is-layout-flex\">\n<figure class=\"wp-block-image size-large\"><img loading=\"lazy\" decoding=\"async\" width=\"1024\" height=\"1024\" data-id=\"673\" src=\"https:\/\/honigglock.de\/de\/wp-content\/uploads\/2024\/09\/20231115_222419-1024x1024.jpg\" alt=\"\" class=\"wp-image-673\" srcset=\"https:\/\/honigglock.de\/de\/wp-content\/uploads\/2024\/09\/20231115_222419-1024x1024.jpg 1024w, https:\/\/honigglock.de\/de\/wp-content\/uploads\/2024\/09\/20231115_222419-300x300.jpg 300w, https:\/\/honigglock.de\/de\/wp-content\/uploads\/2024\/09\/20231115_222419-scaled-100x100.jpg 100w, https:\/\/honigglock.de\/de\/wp-content\/uploads\/2024\/09\/20231115_222419-scaled-600x600.jpg 600w, https:\/\/honigglock.de\/de\/wp-content\/uploads\/2024\/09\/20231115_222419-150x150.jpg 150w, https:\/\/honigglock.de\/de\/wp-content\/uploads\/2024\/09\/20231115_222419-768x768.jpg 768w, https:\/\/honigglock.de\/de\/wp-content\/uploads\/2024\/09\/20231115_222419-1536x1536.jpg 1536w, https:\/\/honigglock.de\/de\/wp-content\/uploads\/2024\/09\/20231115_222419-2048x2048.jpg 2048w, https:\/\/honigglock.de\/de\/wp-content\/uploads\/2024\/09\/20231115_222419-2000x2000.jpg 2000w\" sizes=\"auto, (max-width: 1024px) 100vw, 1024px\" \/><\/figure>\n\n\n\n<figure class=\"wp-block-image size-large\"><img loading=\"lazy\" decoding=\"async\" width=\"1024\" height=\"1024\" data-id=\"669\" src=\"https:\/\/honigglock.de\/de\/wp-content\/uploads\/2024\/09\/20231115_233411-1024x1024.jpg\" alt=\"\" class=\"wp-image-669\" srcset=\"https:\/\/honigglock.de\/de\/wp-content\/uploads\/2024\/09\/20231115_233411-1024x1024.jpg 1024w, https:\/\/honigglock.de\/de\/wp-content\/uploads\/2024\/09\/20231115_233411-300x300.jpg 300w, https:\/\/honigglock.de\/de\/wp-content\/uploads\/2024\/09\/20231115_233411-scaled-100x100.jpg 100w, https:\/\/honigglock.de\/de\/wp-content\/uploads\/2024\/09\/20231115_233411-scaled-600x600.jpg 600w, https:\/\/honigglock.de\/de\/wp-content\/uploads\/2024\/09\/20231115_233411-150x150.jpg 150w, https:\/\/honigglock.de\/de\/wp-content\/uploads\/2024\/09\/20231115_233411-768x768.jpg 768w, https:\/\/honigglock.de\/de\/wp-content\/uploads\/2024\/09\/20231115_233411-1536x1536.jpg 1536w, https:\/\/honigglock.de\/de\/wp-content\/uploads\/2024\/09\/20231115_233411-2048x2048.jpg 2048w, https:\/\/honigglock.de\/de\/wp-content\/uploads\/2024\/09\/20231115_233411-2000x2000.jpg 2000w\" sizes=\"auto, (max-width: 1024px) 100vw, 1024px\" \/><\/figure>\n\n\n\n<figure class=\"wp-block-image size-large\"><img loading=\"lazy\" decoding=\"async\" width=\"1024\" height=\"577\" data-id=\"646\" src=\"https:\/\/honigglock.de\/de\/wp-content\/uploads\/2024\/09\/20240915_160922-1024x577.jpg\" alt=\"\" class=\"wp-image-646\" srcset=\"https:\/\/honigglock.de\/de\/wp-content\/uploads\/2024\/09\/20240915_160922-1024x577.jpg 1024w, https:\/\/honigglock.de\/de\/wp-content\/uploads\/2024\/09\/20240915_160922-scaled-600x338.jpg 600w, https:\/\/honigglock.de\/de\/wp-content\/uploads\/2024\/09\/20240915_160922-300x169.jpg 300w, https:\/\/honigglock.de\/de\/wp-content\/uploads\/2024\/09\/20240915_160922-768x432.jpg 768w, https:\/\/honigglock.de\/de\/wp-content\/uploads\/2024\/09\/20240915_160922-1536x865.jpg 1536w, https:\/\/honigglock.de\/de\/wp-content\/uploads\/2024\/09\/20240915_160922-2048x1153.jpg 2048w, https:\/\/honigglock.de\/de\/wp-content\/uploads\/2024\/09\/20240915_160922-2000x1126.jpg 2000w\" sizes=\"auto, (max-width: 1024px) 100vw, 1024px\" \/><\/figure>\n\n\n\n<figure class=\"wp-block-image size-large\"><img loading=\"lazy\" decoding=\"async\" width=\"1024\" height=\"1024\" data-id=\"663\" src=\"https:\/\/honigglock.de\/de\/wp-content\/uploads\/2024\/09\/20231115_223820-Kopie-1024x1024.jpg\" alt=\"\" class=\"wp-image-663\" srcset=\"https:\/\/honigglock.de\/de\/wp-content\/uploads\/2024\/09\/20231115_223820-Kopie-1024x1024.jpg 1024w, https:\/\/honigglock.de\/de\/wp-content\/uploads\/2024\/09\/20231115_223820-Kopie-300x300.jpg 300w, https:\/\/honigglock.de\/de\/wp-content\/uploads\/2024\/09\/20231115_223820-Kopie-scaled-100x100.jpg 100w, https:\/\/honigglock.de\/de\/wp-content\/uploads\/2024\/09\/20231115_223820-Kopie-scaled-600x600.jpg 600w, https:\/\/honigglock.de\/de\/wp-content\/uploads\/2024\/09\/20231115_223820-Kopie-150x150.jpg 150w, https:\/\/honigglock.de\/de\/wp-content\/uploads\/2024\/09\/20231115_223820-Kopie-768x768.jpg 768w, https:\/\/honigglock.de\/de\/wp-content\/uploads\/2024\/09\/20231115_223820-Kopie-1536x1536.jpg 1536w, https:\/\/honigglock.de\/de\/wp-content\/uploads\/2024\/09\/20231115_223820-Kopie-2048x2048.jpg 2048w, https:\/\/honigglock.de\/de\/wp-content\/uploads\/2024\/09\/20231115_223820-Kopie-2000x2000.jpg 2000w\" sizes=\"auto, (max-width: 1024px) 100vw, 1024px\" \/><\/figure>\n\n\n\n<figure class=\"wp-block-image size-large\"><img loading=\"lazy\" decoding=\"async\" width=\"576\" height=\"1024\" data-id=\"684\" src=\"https:\/\/honigglock.de\/de\/wp-content\/uploads\/2024\/09\/20240922_195212-576x1024.jpg\" alt=\"\" class=\"wp-image-684\" srcset=\"https:\/\/honigglock.de\/de\/wp-content\/uploads\/2024\/09\/20240922_195212-576x1024.jpg 576w, https:\/\/honigglock.de\/de\/wp-content\/uploads\/2024\/09\/20240922_195212-scaled-600x1067.jpg 600w, https:\/\/honigglock.de\/de\/wp-content\/uploads\/2024\/09\/20240922_195212-169x300.jpg 169w, https:\/\/honigglock.de\/de\/wp-content\/uploads\/2024\/09\/20240922_195212-768x1365.jpg 768w, https:\/\/honigglock.de\/de\/wp-content\/uploads\/2024\/09\/20240922_195212-864x1536.jpg 864w, https:\/\/honigglock.de\/de\/wp-content\/uploads\/2024\/09\/20240922_195212-1152x2048.jpg 1152w, https:\/\/honigglock.de\/de\/wp-content\/uploads\/2024\/09\/20240922_195212-2000x3556.jpg 2000w, https:\/\/honigglock.de\/de\/wp-content\/uploads\/2024\/09\/20240922_195212-scaled.jpg 1440w\" sizes=\"auto, (max-width: 576px) 100vw, 576px\" \/><\/figure>\n\n\n\n<figure class=\"wp-block-image size-large\"><img loading=\"lazy\" decoding=\"async\" width=\"577\" height=\"1024\" data-id=\"394\" src=\"https:\/\/honigglock.de\/de\/wp-content\/uploads\/2023\/12\/20231119_092555-1-577x1024.jpg\" alt=\"\" class=\"wp-image-394\" srcset=\"https:\/\/honigglock.de\/de\/wp-content\/uploads\/2023\/12\/20231119_092555-1-577x1024.jpg 577w, https:\/\/honigglock.de\/de\/wp-content\/uploads\/2023\/12\/20231119_092555-1-scaled-600x1065.jpg 600w, https:\/\/honigglock.de\/de\/wp-content\/uploads\/2023\/12\/20231119_092555-1-169x300.jpg 169w, https:\/\/honigglock.de\/de\/wp-content\/uploads\/2023\/12\/20231119_092555-1-768x1364.jpg 768w, https:\/\/honigglock.de\/de\/wp-content\/uploads\/2023\/12\/20231119_092555-1-865x1536.jpg 865w, https:\/\/honigglock.de\/de\/wp-content\/uploads\/2023\/12\/20231119_092555-1-1153x2048.jpg 1153w, https:\/\/honigglock.de\/de\/wp-content\/uploads\/2023\/12\/20231119_092555-1-2000x3551.jpg 2000w, https:\/\/honigglock.de\/de\/wp-content\/uploads\/2023\/12\/20231119_092555-1-scaled.jpg 1442w\" sizes=\"auto, (max-width: 577px) 100vw, 577px\" \/><\/figure>\n<\/figure>\n\n\n\n<p><\/p>\n","protected":false},"excerpt":{"rendered":"<p>Sie suchen ein regionales, nachhaltiges Weihnachtsgeschenk f\u00fcr Ihre Mitarbeiter? Oder wollen Ihren G\u00e4sten auf Ihrer Hochzeit ein individuelles Gastgeschenk f\u00fcr Ihren Fr\u00fchst\u00fcckstisch mitgeben? Dann sind Sie bei uns mit unserem Honig, einem Geschenk der Natur, genau richtig! Wir sind f\u00fcr alle Ihre W\u00fcnsche und Ideen offen. Gerne w\u00e4hlen sie aus unseren verschiedenen Honigsorten und Glasgr\u00f6\u00dfen &hellip; <\/p>\n<p class=\"link-more\"><a href=\"https:\/\/honigglock.de\/de\/sample-page\/\" class=\"more-link\">Mehr <span class=\"screen-reader-text\">\u00fcber &#8220;Firmenkunden&#8221; <\/span>Lesen<\/a><\/p>\n","protected":false},"author":1,"featured_media":448,"parent":0,"menu_order":0,"comment_status":"closed","ping_status":"open","template":"","meta":{"inspiro_hide_title":false,"footnotes":""},"class_list":["post-2","page","type-page","status-publish","has-post-thumbnail","hentry"],"_links":{"self":[{"href":"https:\/\/honigglock.de\/de\/wp-json\/wp\/v2\/pages\/2","targetHints":{"allow":["GET"]}}],"collection":[{"href":"https:\/\/honigglock.de\/de\/wp-json\/wp\/v2\/pages"}],"about":[{"href":"https:\/\/honigglock.de\/de\/wp-json\/wp\/v2\/types\/page"}],"author":[{"embeddable":true,"href":"https:\/\/honigglock.de\/de\/wp-json\/wp\/v2\/users\/1"}],"replies":[{"embeddable":true,"href":"https:\/\/honigglock.de\/de\/wp-json\/wp\/v2\/comments?post=2"}],"version-history":[{"count":32,"href":"https:\/\/honigglock.de\/de\/wp-json\/wp\/v2\/pages\/2\/revisions"}],"predecessor-version":[{"id":689,"href":"https:\/\/honigglock.de\/de\/wp-json\/wp\/v2\/pages\/2\/revisions\/689"}],"wp:featuredmedia":[{"embeddable":true,"href":"https:\/\/honigglock.de\/de\/wp-json\/wp\/v2\/media\/448"}],"wp:attachment":[{"href":"https:\/\/honigglock.de\/de\/wp-json\/wp\/v2\/media?parent=2"}],"curies":[{"name":"wp","href":"https:\/\/api.w.org\/{rel}","templated":true}]}}