{"id":1336,"date":"2026-04-21T10:36:11","date_gmt":"2026-04-21T10:36:11","guid":{"rendered":"https:\/\/honigglock.de\/de\/?page_id=1336"},"modified":"2026-04-21T10:36:14","modified_gmt":"2026-04-21T10:36:14","slug":"rechtliche-hinweise","status":"publish","type":"page","link":"https:\/\/honigglock.de\/de\/rechtliche-hinweise\/","title":{"rendered":"Rechtliche Hinweise"},"content":{"rendered":"\n<h4 class=\"wp-block-heading\">Information zur Online-Streitbeilegung gem\u00e4\u00df Art. 14 \u00a7 1 ODR-VO (Online-Streibeilegungs-Verordnung):<\/h4>\n\n\n\n<p>Die Europ\u00e4ische Kommission stellt eine Plattform zur Online-Streitbeilegung (OS) bereit, die Sie hier finden: (<a href=\"http:\/\/ec.europa.eu\/consumers\/odr\" target=\"_blank\" rel=\"noreferrer noopener\">http:\/\/ec.europa.eu\/consumers\/odr<\/a>. Verbraucher haben die M\u00f6glichkeit, diese Plattform f\u00fcr die Beilegung von Streitigkeiten \u00fcber online get\u00e4tigte K\u00e4ufe oder abgeschlossene Dienstleistungsvertr\u00e4ge zu nutzen.<\/p>\n\n\n\n<p><\/p>\n","protected":false},"excerpt":{"rendered":"<p>Information zur Online-Streitbeilegung gem\u00e4\u00df Art. 14 \u00a7 1 ODR-VO (Online-Streibeilegungs-Verordnung): Die Europ\u00e4ische Kommission stellt eine Plattform zur Online-Streitbeilegung (OS) bereit, die Sie hier finden: (http:\/\/ec.europa.eu\/consumers\/odr. Verbraucher haben die M\u00f6glichkeit, diese Plattform f\u00fcr die Beilegung von Streitigkeiten \u00fcber online get\u00e4tigte K\u00e4ufe oder abgeschlossene Dienstleistungsvertr\u00e4ge zu nutzen.<\/p>\n","protected":false},"author":1,"featured_media":0,"parent":0,"menu_order":0,"comment_status":"closed","ping_status":"closed","template":"","meta":{"inspiro_page_layout":"narrow","inspiro_hide_title":false,"footnotes":""},"class_list":["post-1336","page","type-page","status-publish","hentry"],"_links":{"self":[{"href":"https:\/\/honigglock.de\/de\/wp-json\/wp\/v2\/pages\/1336","targetHints":{"allow":["GET"]}}],"collection":[{"href":"https:\/\/honigglock.de\/de\/wp-json\/wp\/v2\/pages"}],"about":[{"href":"https:\/\/honigglock.de\/de\/wp-json\/wp\/v2\/types\/page"}],"author":[{"embeddable":true,"href":"https:\/\/honigglock.de\/de\/wp-json\/wp\/v2\/users\/1"}],"replies":[{"embeddable":true,"href":"https:\/\/honigglock.de\/de\/wp-json\/wp\/v2\/comments?post=1336"}],"version-history":[{"count":1,"href":"https:\/\/honigglock.de\/de\/wp-json\/wp\/v2\/pages\/1336\/revisions"}],"predecessor-version":[{"id":1337,"href":"https:\/\/honigglock.de\/de\/wp-json\/wp\/v2\/pages\/1336\/revisions\/1337"}],"wp:attachment":[{"href":"https:\/\/honigglock.de\/de\/wp-json\/wp\/v2\/media?parent=1336"}],"curies":[{"name":"wp","href":"https:\/\/api.w.org\/{rel}","templated":true}]}}