{"id":1306,"date":"2026-04-20T17:19:08","date_gmt":"2026-04-20T17:19:08","guid":{"rendered":"https:\/\/honigglock.de\/de\/bezahlmoeglichkeiten\/"},"modified":"2026-04-21T10:29:56","modified_gmt":"2026-04-21T10:29:56","slug":"bezahlmoeglichkeiten","status":"publish","type":"page","link":"https:\/\/honigglock.de\/de\/bezahlmoeglichkeiten\/","title":{"rendered":"Zahlungsarten"},"content":{"rendered":"<p data-path-to-node=\"5\">Wir bieten dir folgende sichere Zahlungsm\u00f6glichkeiten an:<\/p>\n<ul data-path-to-node=\"6\">\n<li>\n<p data-path-to-node=\"6,0,0\"><b data-path-to-node=\"6,0,0\" data-index-in-node=\"0\">PayPal:<\/b> Bezahle schnell und sicher mit deinem PayPal-Konto. Der Versand deiner Bestellung erfolgt unmittelbar nach Abschluss der Bestellung.<\/p>\n<\/li>\n<li>\n<p data-path-to-node=\"6,1,0\"><b data-path-to-node=\"6,1,0\" data-index-in-node=\"0\">Kreditkarte:<\/b> Wir akzeptieren Visa und Mastercard. Die Belastung deines Kreditkartenkontos erfolgt mit Abschluss der Bestellung. Auch hier erfolgt der Versand umgehend.<\/p>\n<\/li>\n<li>\n<p data-path-to-node=\"6,2,0\"><b data-path-to-node=\"6,2,0\" data-index-in-node=\"0\">Bank\u00fcberweisung (Kauf auf Rechnung):<\/b> W\u00e4hle diese Option, wenn du bequem auf Rechnung bezahlen m\u00f6chtest. Wir versenden die Ware direkt nach deiner Bestellung. Den Rechnungsbetrag \u00fcberweise bitte innerhalb von <b data-path-to-node=\"6,2,0\" data-index-in-node=\"208\">14 Tagen<\/b> nach Erhalt der Ware auf unser in der Rechnung angegebenes Bankkonto.<\/p>\n<\/li>\n<\/ul>\n<p data-path-to-node=\"7\"><i data-path-to-node=\"7\" data-index-in-node=\"0\">Hinweis: Bitte gib bei deiner \u00dcberweisung immer deine Bestellnummer als Verwendungszweck an, damit wir deine Zahlung schnell zuordnen k\u00f6nnen.<\/i><\/p>\n","protected":false},"excerpt":{"rendered":"<p>Wir bieten dir folgende sichere Zahlungsm\u00f6glichkeiten an: PayPal: Bezahle schnell und sicher mit deinem PayPal-Konto. Der Versand deiner Bestellung erfolgt unmittelbar nach Abschluss der Bestellung. Kreditkarte: Wir akzeptieren Visa und Mastercard. Die Belastung deines Kreditkartenkontos erfolgt mit Abschluss der Bestellung. Auch hier erfolgt der Versand umgehend. Bank\u00fcberweisung (Kauf auf Rechnung): [&hellip;]<\/p>\n","protected":false},"author":1,"featured_media":0,"parent":0,"menu_order":0,"comment_status":"closed","ping_status":"closed","template":"","meta":{"inspiro_page_layout":"narrow","inspiro_hide_title":false,"footnotes":""},"class_list":["post-1306","page","type-page","status-publish","hentry"],"_links":{"self":[{"href":"https:\/\/honigglock.de\/de\/wp-json\/wp\/v2\/pages\/1306","targetHints":{"allow":["GET"]}}],"collection":[{"href":"https:\/\/honigglock.de\/de\/wp-json\/wp\/v2\/pages"}],"about":[{"href":"https:\/\/honigglock.de\/de\/wp-json\/wp\/v2\/types\/page"}],"author":[{"embeddable":true,"href":"https:\/\/honigglock.de\/de\/wp-json\/wp\/v2\/users\/1"}],"replies":[{"embeddable":true,"href":"https:\/\/honigglock.de\/de\/wp-json\/wp\/v2\/comments?post=1306"}],"version-history":[{"count":2,"href":"https:\/\/honigglock.de\/de\/wp-json\/wp\/v2\/pages\/1306\/revisions"}],"predecessor-version":[{"id":1327,"href":"https:\/\/honigglock.de\/de\/wp-json\/wp\/v2\/pages\/1306\/revisions\/1327"}],"wp:attachment":[{"href":"https:\/\/honigglock.de\/de\/wp-json\/wp\/v2\/media?parent=1306"}],"curies":[{"name":"wp","href":"https:\/\/api.w.org\/{rel}","templated":true}]}}